{"id":2648,"date":"2022-06-08T13:55:44","date_gmt":"2022-06-08T11:55:44","guid":{"rendered":"https:\/\/ute-wennrich.de\/?page_id=2648"},"modified":"2025-05-28T12:42:24","modified_gmt":"2025-05-28T10:42:24","slug":"glasobjekte-ix","status":"publish","type":"page","link":"https:\/\/ute-wennrich.de\/en\/objekte\/glasobjekte-ix\/","title":{"rendered":"Glasobjekte IX"},"content":{"rendered":"<div id=\"pl-2648\"  class=\"panel-layout\" ><div id=\"pg-2648-0\"  class=\"panel-grid panel-no-style\" ><div id=\"pgc-2648-0-0\"  class=\"panel-grid-cell\" ><div id=\"panel-2648-0-0-0\" class=\"so-panel widget widget_nav_menu panel-first-child panel-last-child\" data-index=\"0\" ><h3 class=\"widget-title\">Glasobjekte<\/h3><div class=\"menu-glasobjekte-i-container\"><ul id=\"menu-glasobjekte-i\" class=\"menu\"><li id=\"menu-item-250\" class=\"menu-item menu-item-type-post_type menu-item-object-page menu-item-250\"><a href=\"https:\/\/ute-wennrich.de\/en\/objekte\/glasobjekte\/\">Glass Objects I<\/a><\/li>\n<li id=\"menu-item-343\" class=\"menu-item menu-item-type-post_type menu-item-object-page menu-item-343\"><a href=\"https:\/\/ute-wennrich.de\/en\/objekte\/glassobjekte-ii\/\">Glass Objects II<\/a><\/li>\n<li id=\"menu-item-342\" class=\"menu-item menu-item-type-post_type menu-item-object-page menu-item-342\"><a href=\"https:\/\/ute-wennrich.de\/en\/objekte\/glasobjekte-iii\/\">Glass Objects III<\/a><\/li>\n<li id=\"menu-item-665\" class=\"menu-item menu-item-type-post_type menu-item-object-page menu-item-665\"><a href=\"https:\/\/ute-wennrich.de\/en\/objekte\/glasobjekte-iv\/\">Glass Objects IV<\/a><\/li>\n<li id=\"menu-item-1101\" class=\"menu-item menu-item-type-post_type menu-item-object-page menu-item-1101\"><a href=\"https:\/\/ute-wennrich.de\/en\/objekte\/glasobjekte-v\/\">Glass Objects V<\/a><\/li>\n<li id=\"menu-item-1462\" class=\"menu-item menu-item-type-post_type menu-item-object-page menu-item-1462\"><a href=\"https:\/\/ute-wennrich.de\/en\/objekte\/glasobjekte-vi\/\">Glass Objects VI<\/a><\/li>\n<li id=\"menu-item-1690\" class=\"menu-item menu-item-type-post_type menu-item-object-page menu-item-1690\"><a href=\"https:\/\/ute-wennrich.de\/en\/objekte\/glasobjekte-vii-2018\/\">Glass Objects VII<\/a><\/li>\n<li id=\"menu-item-2790\" class=\"menu-item menu-item-type-post_type menu-item-object-page menu-item-2790\"><a href=\"https:\/\/ute-wennrich.de\/en\/objekte\/2667-2\/\">Glass Objects X<\/a><\/li>\n<li id=\"menu-item-2791\" class=\"menu-item menu-item-type-post_type menu-item-object-page menu-item-2791\"><a href=\"https:\/\/ute-wennrich.de\/en\/objekte\/glasobjekte-xi\/\">Glass Objects XI<\/a><\/li>\n<li id=\"menu-item-2794\" class=\"menu-item menu-item-type-post_type menu-item-object-page menu-item-2794\"><a href=\"https:\/\/ute-wennrich.de\/en\/objekte\/glassobjekte-xii\/\">Glass Objects XII<\/a><\/li>\n<\/ul><\/div><\/div><\/div><div id=\"pgc-2648-0-1\"  class=\"panel-grid-cell\" ><div id=\"panel-2648-0-1-0\" class=\"so-panel widget widget_black-studio-tinymce widget_black_studio_tinymce panel-first-child panel-last-child\" data-index=\"1\" ><div class=\"textwidget\"><div id='gallery-1' class='gallery galleryid-2648 gallery-columns-4 gallery-size-thumbnail'><figure class='gallery-item'>\n\t\t\t<div class='gallery-icon landscape'>\n\t\t\t\t<a href='https:\/\/ute-wennrich.de\/wp-content\/uploads\/2022\/06\/TARGET-1.jpg' title=\"\" data-rl_title=\"\" class=\"rl-gallery-link\" data-rl_caption=\"TARGET \u2013 3-teilig 2019, Wandrelief, je \u00d8 = 30 cm, h = ca. 5 cm, Glasperlen, Stoff, F\u00fcllmaterial\" data-rel=\"lightbox-gallery-1\" data-magnific_type=\"gallery\"><img loading=\"lazy\" decoding=\"async\" width=\"120\" height=\"120\" src=\"https:\/\/ute-wennrich.de\/wp-content\/uploads\/2022\/06\/TARGET-1-120x120.jpg\" class=\"attachment-thumbnail size-thumbnail\" alt=\"\" \/><\/a>\n\t\t\t<\/div><\/figure><figure class='gallery-item'>\n\t\t\t<div class='gallery-icon landscape'>\n\t\t\t\t<a href='https:\/\/ute-wennrich.de\/wp-content\/uploads\/2022\/06\/TARGET-2.jpg' title=\"\" data-rl_title=\"\" class=\"rl-gallery-link\" data-rl_caption=\"TARGET \u2013 3-teilig 2019, Wandrelief, je \u00d8 = 30 cm, h = ca. 5 cm, Glasperlen, Stoff, F\u00fcllmaterial\" data-rel=\"lightbox-gallery-1\" data-magnific_type=\"gallery\"><img loading=\"lazy\" decoding=\"async\" width=\"120\" height=\"120\" src=\"https:\/\/ute-wennrich.de\/wp-content\/uploads\/2022\/06\/TARGET-2-120x120.jpg\" class=\"attachment-thumbnail size-thumbnail\" alt=\"\" \/><\/a>\n\t\t\t<\/div><\/figure><figure class='gallery-item'>\n\t\t\t<div class='gallery-icon landscape'>\n\t\t\t\t<a href='https:\/\/ute-wennrich.de\/wp-content\/uploads\/2022\/06\/TARGET-3.jpg' title=\"\" data-rl_title=\"\" class=\"rl-gallery-link\" data-rl_caption=\"TARGET \u2013 3-teilig 2019, Wandrelief, je \u00d8 = 30 cm, h = ca. 5 cm, Glasperlen, Stoff, F\u00fcllmaterial\" data-rel=\"lightbox-gallery-1\" data-magnific_type=\"gallery\"><img loading=\"lazy\" decoding=\"async\" width=\"120\" height=\"120\" src=\"https:\/\/ute-wennrich.de\/wp-content\/uploads\/2022\/06\/TARGET-3-120x120.jpg\" class=\"attachment-thumbnail size-thumbnail\" alt=\"\" \/><\/a>\n\t\t\t<\/div><\/figure><figure class='gallery-item'>\n\t\t\t<div class='gallery-icon landscape'>\n\t\t\t\t<a href='https:\/\/ute-wennrich.de\/wp-content\/uploads\/2022\/06\/01_LOST-INNOCENCE-L.jpg' title=\"\" data-rl_title=\"\" class=\"rl-gallery-link\" data-rl_caption=\"LOST INNOCENCE 2020, Relief Einzelgr\u00f6\u00dfe ca. 20 x 20 x 3 cm, Gesamtl\u00e4nge: ca. 280 cm Mischtechnik mit Glasperlen (f\u00fcr UV-Licht geeignet)\" data-rel=\"lightbox-gallery-1\" data-magnific_type=\"gallery\"><img loading=\"lazy\" decoding=\"async\" width=\"120\" height=\"120\" src=\"https:\/\/ute-wennrich.de\/wp-content\/uploads\/2022\/06\/01_LOST-INNOCENCE-L-120x120.jpg\" class=\"attachment-thumbnail size-thumbnail\" alt=\"\" srcset=\"https:\/\/ute-wennrich.de\/wp-content\/uploads\/2022\/06\/01_LOST-INNOCENCE-L-120x120.jpg 120w, https:\/\/ute-wennrich.de\/wp-content\/uploads\/2022\/06\/01_LOST-INNOCENCE-L-300x300.jpg 300w, https:\/\/ute-wennrich.de\/wp-content\/uploads\/2022\/06\/01_LOST-INNOCENCE-L-768x768.jpg 768w, https:\/\/ute-wennrich.de\/wp-content\/uploads\/2022\/06\/01_LOST-INNOCENCE-L-550x550.jpg 550w, https:\/\/ute-wennrich.de\/wp-content\/uploads\/2022\/06\/01_LOST-INNOCENCE-L.jpg 1000w\" sizes=\"auto, (max-width: 120px) 100vw, 120px\" \/><\/a>\n\t\t\t<\/div><\/figure><figure class='gallery-item'>\n\t\t\t<div class='gallery-icon landscape'>\n\t\t\t\t<a href='https:\/\/ute-wennrich.de\/wp-content\/uploads\/2022\/06\/02_LOST-INNOCENCE-O.jpg' title=\"\" data-rl_title=\"\" class=\"rl-gallery-link\" data-rl_caption=\"LOST INNOCENCE 2020, Relief Einzelgr\u00f6\u00dfe ca. 20 x 20 x 3 cm, Gesamtl\u00e4nge: ca. 280 cm Mischtechnik mit Glasperlen (f\u00fcr UV-Licht geeignet)\" data-rel=\"lightbox-gallery-1\" data-magnific_type=\"gallery\"><img loading=\"lazy\" decoding=\"async\" width=\"120\" height=\"120\" src=\"https:\/\/ute-wennrich.de\/wp-content\/uploads\/2022\/06\/02_LOST-INNOCENCE-O-120x120.jpg\" class=\"attachment-thumbnail size-thumbnail\" alt=\"\" srcset=\"https:\/\/ute-wennrich.de\/wp-content\/uploads\/2022\/06\/02_LOST-INNOCENCE-O-120x120.jpg 120w, https:\/\/ute-wennrich.de\/wp-content\/uploads\/2022\/06\/02_LOST-INNOCENCE-O-300x300.jpg 300w, https:\/\/ute-wennrich.de\/wp-content\/uploads\/2022\/06\/02_LOST-INNOCENCE-O-768x768.jpg 768w, https:\/\/ute-wennrich.de\/wp-content\/uploads\/2022\/06\/02_LOST-INNOCENCE-O-550x550.jpg 550w, https:\/\/ute-wennrich.de\/wp-content\/uploads\/2022\/06\/02_LOST-INNOCENCE-O.jpg 1000w\" sizes=\"auto, (max-width: 120px) 100vw, 120px\" \/><\/a>\n\t\t\t<\/div><\/figure><figure class='gallery-item'>\n\t\t\t<div class='gallery-icon landscape'>\n\t\t\t\t<a href='https:\/\/ute-wennrich.de\/wp-content\/uploads\/2022\/06\/03_LOST-INNOCENCE-S.jpg' title=\"\" data-rl_title=\"\" class=\"rl-gallery-link\" data-rl_caption=\"LOST INNOCENCE 2020, Relief Einzelgr\u00f6\u00dfe ca. 20 x 20 x 3 cm, Gesamtl\u00e4nge: ca. 280 cm Mischtechnik mit Glasperlen (f\u00fcr UV-Licht geeignet)\" data-rel=\"lightbox-gallery-1\" data-magnific_type=\"gallery\"><img loading=\"lazy\" decoding=\"async\" width=\"120\" height=\"120\" src=\"https:\/\/ute-wennrich.de\/wp-content\/uploads\/2022\/06\/03_LOST-INNOCENCE-S-120x120.jpg\" class=\"attachment-thumbnail size-thumbnail\" alt=\"\" srcset=\"https:\/\/ute-wennrich.de\/wp-content\/uploads\/2022\/06\/03_LOST-INNOCENCE-S-120x120.jpg 120w, https:\/\/ute-wennrich.de\/wp-content\/uploads\/2022\/06\/03_LOST-INNOCENCE-S-300x300.jpg 300w, https:\/\/ute-wennrich.de\/wp-content\/uploads\/2022\/06\/03_LOST-INNOCENCE-S-768x768.jpg 768w, https:\/\/ute-wennrich.de\/wp-content\/uploads\/2022\/06\/03_LOST-INNOCENCE-S-550x550.jpg 550w, https:\/\/ute-wennrich.de\/wp-content\/uploads\/2022\/06\/03_LOST-INNOCENCE-S.jpg 1000w\" sizes=\"auto, (max-width: 120px) 100vw, 120px\" \/><\/a>\n\t\t\t<\/div><\/figure><figure class='gallery-item'>\n\t\t\t<div class='gallery-icon landscape'>\n\t\t\t\t<a href='https:\/\/ute-wennrich.de\/wp-content\/uploads\/2022\/06\/04_LOST-INNOCENCE-_T.jpg' title=\"\" data-rl_title=\"\" class=\"rl-gallery-link\" data-rl_caption=\"LOST INNOCENCE 2020, Relief Einzelgr\u00f6\u00dfe ca. 20 x 20 x 3 cm, Gesamtl\u00e4nge: ca. 280 cm Mischtechnik mit Glasperlen (f\u00fcr UV-Licht geeignet)\" data-rel=\"lightbox-gallery-1\" data-magnific_type=\"gallery\"><img loading=\"lazy\" decoding=\"async\" width=\"120\" height=\"120\" src=\"https:\/\/ute-wennrich.de\/wp-content\/uploads\/2022\/06\/04_LOST-INNOCENCE-_T-120x120.jpg\" class=\"attachment-thumbnail size-thumbnail\" alt=\"\" srcset=\"https:\/\/ute-wennrich.de\/wp-content\/uploads\/2022\/06\/04_LOST-INNOCENCE-_T-120x120.jpg 120w, https:\/\/ute-wennrich.de\/wp-content\/uploads\/2022\/06\/04_LOST-INNOCENCE-_T-300x300.jpg 300w, https:\/\/ute-wennrich.de\/wp-content\/uploads\/2022\/06\/04_LOST-INNOCENCE-_T-768x768.jpg 768w, https:\/\/ute-wennrich.de\/wp-content\/uploads\/2022\/06\/04_LOST-INNOCENCE-_T-550x550.jpg 550w, https:\/\/ute-wennrich.de\/wp-content\/uploads\/2022\/06\/04_LOST-INNOCENCE-_T.jpg 1000w\" sizes=\"auto, (max-width: 120px) 100vw, 120px\" \/><\/a>\n\t\t\t<\/div><\/figure><figure class='gallery-item'>\n\t\t\t<div class='gallery-icon landscape'>\n\t\t\t\t<a href='https:\/\/ute-wennrich.de\/wp-content\/uploads\/2022\/06\/05_LOST-INNOCENCE_I.jpg' title=\"\" data-rl_title=\"\" class=\"rl-gallery-link\" data-rl_caption=\"LOST INNOCENCE 2020, Relief Einzelgr\u00f6\u00dfe ca. 20 x 20 x 3 cm, Gesamtl\u00e4nge: ca. 280 cm Mischtechnik mit Glasperlen (f\u00fcr UV-Licht geeignet)\" data-rel=\"lightbox-gallery-1\" data-magnific_type=\"gallery\"><img loading=\"lazy\" decoding=\"async\" width=\"120\" height=\"120\" src=\"https:\/\/ute-wennrich.de\/wp-content\/uploads\/2022\/06\/05_LOST-INNOCENCE_I-120x120.jpg\" class=\"attachment-thumbnail size-thumbnail\" alt=\"\" srcset=\"https:\/\/ute-wennrich.de\/wp-content\/uploads\/2022\/06\/05_LOST-INNOCENCE_I-120x120.jpg 120w, https:\/\/ute-wennrich.de\/wp-content\/uploads\/2022\/06\/05_LOST-INNOCENCE_I-300x300.jpg 300w, https:\/\/ute-wennrich.de\/wp-content\/uploads\/2022\/06\/05_LOST-INNOCENCE_I-768x768.jpg 768w, https:\/\/ute-wennrich.de\/wp-content\/uploads\/2022\/06\/05_LOST-INNOCENCE_I-550x550.jpg 550w, https:\/\/ute-wennrich.de\/wp-content\/uploads\/2022\/06\/05_LOST-INNOCENCE_I.jpg 1000w\" sizes=\"auto, (max-width: 120px) 100vw, 120px\" \/><\/a>\n\t\t\t<\/div><\/figure><figure class='gallery-item'>\n\t\t\t<div class='gallery-icon landscape'>\n\t\t\t\t<a href='https:\/\/ute-wennrich.de\/wp-content\/uploads\/2022\/06\/06_LOST-INNOCENCE_N.jpg' title=\"\" data-rl_title=\"\" class=\"rl-gallery-link\" data-rl_caption=\"LOST INNOCENCE 2020, Relief Einzelgr\u00f6\u00dfe ca. 20 x 20 x 3 cm, Gesamtl\u00e4nge: ca. 280 cm Mischtechnik mit Glasperlen (f\u00fcr UV-Licht geeignet)\" data-rel=\"lightbox-gallery-1\" data-magnific_type=\"gallery\"><img loading=\"lazy\" decoding=\"async\" width=\"120\" height=\"120\" src=\"https:\/\/ute-wennrich.de\/wp-content\/uploads\/2022\/06\/06_LOST-INNOCENCE_N-120x120.jpg\" class=\"attachment-thumbnail size-thumbnail\" alt=\"\" srcset=\"https:\/\/ute-wennrich.de\/wp-content\/uploads\/2022\/06\/06_LOST-INNOCENCE_N-120x120.jpg 120w, https:\/\/ute-wennrich.de\/wp-content\/uploads\/2022\/06\/06_LOST-INNOCENCE_N-300x300.jpg 300w, https:\/\/ute-wennrich.de\/wp-content\/uploads\/2022\/06\/06_LOST-INNOCENCE_N-768x768.jpg 768w, https:\/\/ute-wennrich.de\/wp-content\/uploads\/2022\/06\/06_LOST-INNOCENCE_N-550x550.jpg 550w, https:\/\/ute-wennrich.de\/wp-content\/uploads\/2022\/06\/06_LOST-INNOCENCE_N.jpg 1000w\" sizes=\"auto, (max-width: 120px) 100vw, 120px\" \/><\/a>\n\t\t\t<\/div><\/figure><figure class='gallery-item'>\n\t\t\t<div class='gallery-icon landscape'>\n\t\t\t\t<a href='https:\/\/ute-wennrich.de\/wp-content\/uploads\/2022\/06\/07_LOST-INNOCENCE_N.jpg' title=\"\" data-rl_title=\"\" class=\"rl-gallery-link\" data-rl_caption=\"LOST INNOCENCE 2020, Relief Einzelgr\u00f6\u00dfe ca. 20 x 20 x 3 cm, Gesamtl\u00e4nge: ca. 280 cm Mischtechnik mit Glasperlen (f\u00fcr UV-Licht geeignet)\" data-rel=\"lightbox-gallery-1\" data-magnific_type=\"gallery\"><img loading=\"lazy\" decoding=\"async\" width=\"120\" height=\"120\" src=\"https:\/\/ute-wennrich.de\/wp-content\/uploads\/2022\/06\/07_LOST-INNOCENCE_N-120x120.jpg\" class=\"attachment-thumbnail size-thumbnail\" alt=\"\" srcset=\"https:\/\/ute-wennrich.de\/wp-content\/uploads\/2022\/06\/07_LOST-INNOCENCE_N-120x120.jpg 120w, https:\/\/ute-wennrich.de\/wp-content\/uploads\/2022\/06\/07_LOST-INNOCENCE_N-300x300.jpg 300w, https:\/\/ute-wennrich.de\/wp-content\/uploads\/2022\/06\/07_LOST-INNOCENCE_N-768x768.jpg 768w, https:\/\/ute-wennrich.de\/wp-content\/uploads\/2022\/06\/07_LOST-INNOCENCE_N-550x550.jpg 550w, https:\/\/ute-wennrich.de\/wp-content\/uploads\/2022\/06\/07_LOST-INNOCENCE_N.jpg 1000w\" sizes=\"auto, (max-width: 120px) 100vw, 120px\" \/><\/a>\n\t\t\t<\/div><\/figure><figure class='gallery-item'>\n\t\t\t<div class='gallery-icon landscape'>\n\t\t\t\t<a href='https:\/\/ute-wennrich.de\/wp-content\/uploads\/2022\/06\/08_LOST-INNOCENCE_O.jpg' title=\"\" data-rl_title=\"\" class=\"rl-gallery-link\" data-rl_caption=\"LOST INNOCENCE 2020, Relief Einzelgr\u00f6\u00dfe ca. 20 x 20 x 3 cm, Gesamtl\u00e4nge: ca. 280 cm Mischtechnik mit Glasperlen (f\u00fcr UV-Licht geeignet)\" data-rel=\"lightbox-gallery-1\" data-magnific_type=\"gallery\"><img loading=\"lazy\" decoding=\"async\" width=\"120\" height=\"120\" src=\"https:\/\/ute-wennrich.de\/wp-content\/uploads\/2022\/06\/08_LOST-INNOCENCE_O-120x120.jpg\" class=\"attachment-thumbnail size-thumbnail\" alt=\"\" srcset=\"https:\/\/ute-wennrich.de\/wp-content\/uploads\/2022\/06\/08_LOST-INNOCENCE_O-120x120.jpg 120w, https:\/\/ute-wennrich.de\/wp-content\/uploads\/2022\/06\/08_LOST-INNOCENCE_O-300x300.jpg 300w, https:\/\/ute-wennrich.de\/wp-content\/uploads\/2022\/06\/08_LOST-INNOCENCE_O-768x768.jpg 768w, https:\/\/ute-wennrich.de\/wp-content\/uploads\/2022\/06\/08_LOST-INNOCENCE_O-550x550.jpg 550w, https:\/\/ute-wennrich.de\/wp-content\/uploads\/2022\/06\/08_LOST-INNOCENCE_O.jpg 1000w\" sizes=\"auto, (max-width: 120px) 100vw, 120px\" \/><\/a>\n\t\t\t<\/div><\/figure><figure class='gallery-item'>\n\t\t\t<div class='gallery-icon landscape'>\n\t\t\t\t<a href='https:\/\/ute-wennrich.de\/wp-content\/uploads\/2022\/06\/09_LOST-INNOCENCE_C.jpg' title=\"\" data-rl_title=\"\" class=\"rl-gallery-link\" data-rl_caption=\"LOST INNOCENCE 2020, Relief Einzelgr\u00f6\u00dfe ca. 20 x 20 x 3 cm, Gesamtl\u00e4nge: ca. 280 cm Mischtechnik mit Glasperlen (f\u00fcr UV-Licht geeignet)\" data-rel=\"lightbox-gallery-1\" data-magnific_type=\"gallery\"><img loading=\"lazy\" decoding=\"async\" width=\"120\" height=\"120\" src=\"https:\/\/ute-wennrich.de\/wp-content\/uploads\/2022\/06\/09_LOST-INNOCENCE_C-120x120.jpg\" class=\"attachment-thumbnail size-thumbnail\" alt=\"\" srcset=\"https:\/\/ute-wennrich.de\/wp-content\/uploads\/2022\/06\/09_LOST-INNOCENCE_C-120x120.jpg 120w, https:\/\/ute-wennrich.de\/wp-content\/uploads\/2022\/06\/09_LOST-INNOCENCE_C-300x300.jpg 300w, https:\/\/ute-wennrich.de\/wp-content\/uploads\/2022\/06\/09_LOST-INNOCENCE_C-768x768.jpg 768w, https:\/\/ute-wennrich.de\/wp-content\/uploads\/2022\/06\/09_LOST-INNOCENCE_C-550x550.jpg 550w, https:\/\/ute-wennrich.de\/wp-content\/uploads\/2022\/06\/09_LOST-INNOCENCE_C.jpg 1000w\" sizes=\"auto, (max-width: 120px) 100vw, 120px\" \/><\/a>\n\t\t\t<\/div><\/figure><figure class='gallery-item'>\n\t\t\t<div class='gallery-icon landscape'>\n\t\t\t\t<a href='https:\/\/ute-wennrich.de\/wp-content\/uploads\/2022\/06\/10_LOST-INNOCENCE_E.jpg' title=\"\" data-rl_title=\"\" class=\"rl-gallery-link\" data-rl_caption=\"LOST INNOCENCE 2020, Relief Einzelgr\u00f6\u00dfe ca. 20 x 20 x 3 cm, Gesamtl\u00e4nge: ca. 280 cm Mischtechnik mit Glasperlen (f\u00fcr UV-Licht geeignet)\" data-rel=\"lightbox-gallery-1\" data-magnific_type=\"gallery\"><img loading=\"lazy\" decoding=\"async\" width=\"120\" height=\"120\" src=\"https:\/\/ute-wennrich.de\/wp-content\/uploads\/2022\/06\/10_LOST-INNOCENCE_E-120x120.jpg\" class=\"attachment-thumbnail size-thumbnail\" alt=\"\" srcset=\"https:\/\/ute-wennrich.de\/wp-content\/uploads\/2022\/06\/10_LOST-INNOCENCE_E-120x120.jpg 120w, https:\/\/ute-wennrich.de\/wp-content\/uploads\/2022\/06\/10_LOST-INNOCENCE_E-300x300.jpg 300w, https:\/\/ute-wennrich.de\/wp-content\/uploads\/2022\/06\/10_LOST-INNOCENCE_E-768x767.jpg 768w, https:\/\/ute-wennrich.de\/wp-content\/uploads\/2022\/06\/10_LOST-INNOCENCE_E-551x550.jpg 551w, https:\/\/ute-wennrich.de\/wp-content\/uploads\/2022\/06\/10_LOST-INNOCENCE_E.jpg 1000w\" sizes=\"auto, (max-width: 120px) 100vw, 120px\" \/><\/a>\n\t\t\t<\/div><\/figure><figure class='gallery-item'>\n\t\t\t<div class='gallery-icon landscape'>\n\t\t\t\t<a href='https:\/\/ute-wennrich.de\/wp-content\/uploads\/2022\/06\/11_LOST-INNOCENCE_N.jpg' title=\"\" data-rl_title=\"\" class=\"rl-gallery-link\" data-rl_caption=\"LOST INNOCENCE 2020, Relief Einzelgr\u00f6\u00dfe ca. 20 x 20 x 3 cm, Gesamtl\u00e4nge: ca. 280 cm Mischtechnik mit Glasperlen (f\u00fcr UV-Licht geeignet)\" data-rel=\"lightbox-gallery-1\" data-magnific_type=\"gallery\"><img loading=\"lazy\" decoding=\"async\" width=\"120\" height=\"120\" src=\"https:\/\/ute-wennrich.de\/wp-content\/uploads\/2022\/06\/11_LOST-INNOCENCE_N-120x120.jpg\" class=\"attachment-thumbnail size-thumbnail\" alt=\"\" srcset=\"https:\/\/ute-wennrich.de\/wp-content\/uploads\/2022\/06\/11_LOST-INNOCENCE_N-120x120.jpg 120w, https:\/\/ute-wennrich.de\/wp-content\/uploads\/2022\/06\/11_LOST-INNOCENCE_N-300x300.jpg 300w, https:\/\/ute-wennrich.de\/wp-content\/uploads\/2022\/06\/11_LOST-INNOCENCE_N-768x768.jpg 768w, https:\/\/ute-wennrich.de\/wp-content\/uploads\/2022\/06\/11_LOST-INNOCENCE_N-550x550.jpg 550w, https:\/\/ute-wennrich.de\/wp-content\/uploads\/2022\/06\/11_LOST-INNOCENCE_N.jpg 1000w\" sizes=\"auto, (max-width: 120px) 100vw, 120px\" \/><\/a>\n\t\t\t<\/div><\/figure><figure class='gallery-item'>\n\t\t\t<div class='gallery-icon landscape'>\n\t\t\t\t<a href='https:\/\/ute-wennrich.de\/wp-content\/uploads\/2022\/06\/12_LOST-INNOCENCE_C.jpg' title=\"\" data-rl_title=\"\" class=\"rl-gallery-link\" data-rl_caption=\"LOST INNOCENCE 2020, Relief Einzelgr\u00f6\u00dfe ca. 20 x 20 x 3 cm, Gesamtl\u00e4nge: ca. 280 cm Mischtechnik mit Glasperlen (f\u00fcr UV-Licht geeignet)\" data-rel=\"lightbox-gallery-1\" data-magnific_type=\"gallery\"><img loading=\"lazy\" decoding=\"async\" width=\"120\" height=\"120\" src=\"https:\/\/ute-wennrich.de\/wp-content\/uploads\/2022\/06\/12_LOST-INNOCENCE_C-120x120.jpg\" class=\"attachment-thumbnail size-thumbnail\" alt=\"\" srcset=\"https:\/\/ute-wennrich.de\/wp-content\/uploads\/2022\/06\/12_LOST-INNOCENCE_C-120x120.jpg 120w, https:\/\/ute-wennrich.de\/wp-content\/uploads\/2022\/06\/12_LOST-INNOCENCE_C-300x300.jpg 300w, https:\/\/ute-wennrich.de\/wp-content\/uploads\/2022\/06\/12_LOST-INNOCENCE_C-768x768.jpg 768w, https:\/\/ute-wennrich.de\/wp-content\/uploads\/2022\/06\/12_LOST-INNOCENCE_C-550x550.jpg 550w, https:\/\/ute-wennrich.de\/wp-content\/uploads\/2022\/06\/12_LOST-INNOCENCE_C.jpg 1000w\" sizes=\"auto, (max-width: 120px) 100vw, 120px\" \/><\/a>\n\t\t\t<\/div><\/figure><figure class='gallery-item'>\n\t\t\t<div class='gallery-icon landscape'>\n\t\t\t\t<a href='https:\/\/ute-wennrich.de\/wp-content\/uploads\/2022\/06\/13_LOST-INNICENCE_E.jpg' title=\"\" data-rl_title=\"\" class=\"rl-gallery-link\" data-rl_caption=\"LOST INNOCENCE 2020, Relief Einzelgr\u00f6\u00dfe ca. 20 x 20 x 3 cm, Gesamtl\u00e4nge: ca. 280 cm Mischtechnik mit Glasperlen (f\u00fcr UV-Licht geeignet)\" data-rel=\"lightbox-gallery-1\" data-magnific_type=\"gallery\"><img loading=\"lazy\" decoding=\"async\" width=\"120\" height=\"120\" src=\"https:\/\/ute-wennrich.de\/wp-content\/uploads\/2022\/06\/13_LOST-INNICENCE_E-120x120.jpg\" class=\"attachment-thumbnail size-thumbnail\" alt=\"\" srcset=\"https:\/\/ute-wennrich.de\/wp-content\/uploads\/2022\/06\/13_LOST-INNICENCE_E-120x120.jpg 120w, https:\/\/ute-wennrich.de\/wp-content\/uploads\/2022\/06\/13_LOST-INNICENCE_E-300x300.jpg 300w, https:\/\/ute-wennrich.de\/wp-content\/uploads\/2022\/06\/13_LOST-INNICENCE_E-768x768.jpg 768w, https:\/\/ute-wennrich.de\/wp-content\/uploads\/2022\/06\/13_LOST-INNICENCE_E-550x550.jpg 550w, https:\/\/ute-wennrich.de\/wp-content\/uploads\/2022\/06\/13_LOST-INNICENCE_E.jpg 1000w\" sizes=\"auto, (max-width: 120px) 100vw, 120px\" \/><\/a>\n\t\t\t<\/div><\/figure>\n\t\t<\/div>\n<\/div><\/div><\/div><div id=\"pgc-2648-0-2\"  class=\"panel-grid-cell\" ><div id=\"panel-2648-0-2-0\" class=\"so-panel widget widget_black-studio-tinymce widget_black_studio_tinymce panel-first-child panel-last-child\" data-index=\"2\" ><div class=\"textwidget\"><h3>target, lost innocence<\/h3>\n<\/div><\/div><\/div><\/div><\/div>","protected":false},"excerpt":{"rendered":"<p>target, lost innocence<\/p>\n","protected":false},"author":1,"featured_media":0,"parent":21,"menu_order":0,"comment_status":"closed","ping_status":"closed","template":"page-templates\/full-width.php","meta":{"footnotes":""},"class_list":["post-2648","page","type-page","status-publish","hentry"],"_links":{"self":[{"href":"https:\/\/ute-wennrich.de\/en\/wp-json\/wp\/v2\/pages\/2648","targetHints":{"allow":["GET"]}}],"collection":[{"href":"https:\/\/ute-wennrich.de\/en\/wp-json\/wp\/v2\/pages"}],"about":[{"href":"https:\/\/ute-wennrich.de\/en\/wp-json\/wp\/v2\/types\/page"}],"author":[{"embeddable":true,"href":"https:\/\/ute-wennrich.de\/en\/wp-json\/wp\/v2\/users\/1"}],"replies":[{"embeddable":true,"href":"https:\/\/ute-wennrich.de\/en\/wp-json\/wp\/v2\/comments?post=2648"}],"version-history":[{"count":9,"href":"https:\/\/ute-wennrich.de\/en\/wp-json\/wp\/v2\/pages\/2648\/revisions"}],"predecessor-version":[{"id":3396,"href":"https:\/\/ute-wennrich.de\/en\/wp-json\/wp\/v2\/pages\/2648\/revisions\/3396"}],"up":[{"embeddable":true,"href":"https:\/\/ute-wennrich.de\/en\/wp-json\/wp\/v2\/pages\/21"}],"wp:attachment":[{"href":"https:\/\/ute-wennrich.de\/en\/wp-json\/wp\/v2\/media?parent=2648"}],"curies":[{"name":"wp","href":"https:\/\/api.w.org\/{rel}","templated":true}]}}