{"id":2987,"date":"2024-05-19T11:58:24","date_gmt":"2024-05-19T09:58:24","guid":{"rendered":"https:\/\/ute-wennrich.de\/?page_id=2987"},"modified":"2026-03-10T11:45:19","modified_gmt":"2026-03-10T10:45:19","slug":"glasobjekte-xx","status":"publish","type":"page","link":"https:\/\/ute-wennrich.de\/en\/objekte\/glasobjekte-xx\/","title":{"rendered":"Glasobjekte XX"},"content":{"rendered":"<div id=\"pl-2987\"  class=\"panel-layout\" ><div id=\"pg-2987-0\"  class=\"panel-grid panel-no-style\" ><div id=\"pgc-2987-0-0\"  class=\"panel-grid-cell\" ><div id=\"panel-2987-0-0-0\" class=\"so-panel widget widget_nav_menu panel-first-child panel-last-child\" data-index=\"0\" ><h3 class=\"widget-title\">Glasobjekte<\/h3><div class=\"menu-glasobjekte-ii-container\"><ul id=\"menu-glasobjekte-ii\" class=\"menu\"><li id=\"menu-item-3517\" class=\"menu-item menu-item-type-post_type menu-item-object-page menu-item-3517\"><a href=\"https:\/\/ute-wennrich.de\/en\/objekte\/glasobjekte-xiii\/\">Glass Objects XIII<\/a><\/li>\n<li id=\"menu-item-3518\" class=\"menu-item menu-item-type-post_type menu-item-object-page menu-item-3518\"><a href=\"https:\/\/ute-wennrich.de\/en\/objekte\/glasobjekte-xiv\/\">Glass Objects XIV<\/a><\/li>\n<li id=\"menu-item-3519\" class=\"menu-item menu-item-type-post_type menu-item-object-page menu-item-3519\"><a href=\"https:\/\/ute-wennrich.de\/en\/objekte\/glasobjekte-xv\/\">Glass Objects XV<\/a><\/li>\n<li id=\"menu-item-3521\" class=\"menu-item menu-item-type-post_type menu-item-object-page menu-item-3521\"><a href=\"https:\/\/ute-wennrich.de\/en\/objekte\/glasobjekte-xvi\/\">Glass Objects XVI<\/a><\/li>\n<li id=\"menu-item-3522\" class=\"menu-item menu-item-type-post_type menu-item-object-page menu-item-3522\"><a href=\"https:\/\/ute-wennrich.de\/en\/objekte\/glasobjekte-xvii\/\">Glass Objects XVII<\/a><\/li>\n<li id=\"menu-item-3523\" class=\"menu-item menu-item-type-post_type menu-item-object-page menu-item-3523\"><a href=\"https:\/\/ute-wennrich.de\/en\/objekte\/glasobjekte-xviii\/\">Glass Objects XVIII<\/a><\/li>\n<li id=\"menu-item-3520\" class=\"menu-item menu-item-type-post_type menu-item-object-page menu-item-3520\"><a href=\"https:\/\/ute-wennrich.de\/en\/objekte\/glasobjekte-xix\/\">Glass Objects XIX<\/a><\/li>\n<li id=\"menu-item-3524\" class=\"menu-item menu-item-type-post_type menu-item-object-page menu-item-3524\"><a href=\"https:\/\/ute-wennrich.de\/en\/objekte\/glasobjekte-xx\/\">Glass Objects XX<\/a><\/li>\n<li id=\"menu-item-3618\" class=\"menu-item menu-item-type-post_type menu-item-object-page menu-item-3618\"><a href=\"https:\/\/ute-wennrich.de\/en\/objekte\/glasobjekte-xxi\/\">Glass Objects XXI<\/a><\/li>\n<li id=\"menu-item-3617\" class=\"menu-item menu-item-type-post_type menu-item-object-page menu-item-3617\"><a href=\"https:\/\/ute-wennrich.de\/en\/objekte\/glasobjekte-xxii\/\">Glass Objects XXII<\/a><\/li>\n<li id=\"menu-item-3616\" class=\"menu-item menu-item-type-post_type menu-item-object-page menu-item-3616\"><a href=\"https:\/\/ute-wennrich.de\/en\/objekte\/glasobjekte-xxiii\/\">Glass Objects XXIII<\/a><\/li>\n<li id=\"menu-item-3615\" class=\"menu-item menu-item-type-post_type menu-item-object-page menu-item-3615\"><a href=\"https:\/\/ute-wennrich.de\/en\/objekte\/glasobjekte-xxiv\/\">Glass Objects XXIV<\/a><\/li>\n<li id=\"menu-item-3614\" class=\"menu-item menu-item-type-post_type menu-item-object-page menu-item-3614\"><a href=\"https:\/\/ute-wennrich.de\/en\/objekte\/glasobjekte-xxv\/\">Glass Objects XXV<\/a><\/li>\n<li id=\"menu-item-3525\" class=\"menu-item menu-item-type-post_type menu-item-object-page menu-item-3525\"><a href=\"https:\/\/ute-wennrich.de\/en\/objekte\/fahnenobjekt\/\">Flagg Objects<\/a><\/li>\n<li id=\"menu-item-3526\" class=\"menu-item menu-item-type-post_type menu-item-object-page menu-item-3526\"><a href=\"https:\/\/ute-wennrich.de\/en\/objekte\/waechter-meiner-ichs\/\">Guardians of my Egos<\/a><\/li>\n<\/ul><\/div><\/div><\/div><div id=\"pgc-2987-0-1\"  class=\"panel-grid-cell\" ><div id=\"panel-2987-0-1-0\" class=\"so-panel widget widget_black-studio-tinymce widget_black_studio_tinymce panel-first-child panel-last-child\" data-index=\"1\" ><div class=\"textwidget\"><div id='gallery-1' class='gallery galleryid-2987 gallery-columns-4 gallery-size-thumbnail'><figure class='gallery-item'>\n\t\t\t<div class='gallery-icon portrait'>\n\t\t\t\t<a href='https:\/\/ute-wennrich.de\/wp-content\/uploads\/2024\/05\/Klee-6tett-01.jpg' title=\"\" data-rl_title=\"\" class=\"rl-gallery-link\" data-rl_caption=\"Aus der Serie 1 \u25a1 = 1 \u25a1 = 1 \u25a1 Klee-6tett 6-teiliges Relief | 2023 | ca. 26 x 39 x 3 cm | Glasperlen, Filz auf Leinwand (frei nach: Harmonie der n\u00f6rdlichen Flora 1927, Paul Klee)\" data-rel=\"lightbox-gallery-1\" data-magnific_type=\"gallery\"><img loading=\"lazy\" decoding=\"async\" width=\"120\" height=\"120\" src=\"https:\/\/ute-wennrich.de\/wp-content\/uploads\/2024\/05\/Klee-6tett-01-120x120.jpg\" class=\"attachment-thumbnail size-thumbnail\" alt=\"\" \/><\/a>\n\t\t\t<\/div><\/figure><figure class='gallery-item'>\n\t\t\t<div class='gallery-icon landscape'>\n\t\t\t\t<a href='https:\/\/ute-wennrich.de\/wp-content\/uploads\/2024\/05\/Quadrat-03.jpg' title=\"\" data-rl_title=\"\" class=\"rl-gallery-link\" data-rl_caption=\"Aus der Serie 1 \u25a1 = 1 \u25a1 = 1 \u25a1 o. T. Relief 24-teilig - rot | 2023 | Einzelst\u00fcck: ca. 11,5 x 11,5 x 1 cm | Gesamtgr\u00f6\u00dfe: divers je nach Anordnung | Draht, Faden, Glasperlen\" data-rel=\"lightbox-gallery-1\" data-magnific_type=\"gallery\"><img loading=\"lazy\" decoding=\"async\" width=\"120\" height=\"120\" src=\"https:\/\/ute-wennrich.de\/wp-content\/uploads\/2024\/05\/Quadrat-03-120x120.jpg\" class=\"attachment-thumbnail size-thumbnail\" alt=\"\" \/><\/a>\n\t\t\t<\/div><\/figure><figure class='gallery-item'>\n\t\t\t<div class='gallery-icon portrait'>\n\t\t\t\t<a href='https:\/\/ute-wennrich.de\/wp-content\/uploads\/2024\/05\/Quadrat-04.jpg' title=\"\" data-rl_title=\"\" class=\"rl-gallery-link\" data-rl_caption=\"o. T.\" data-rel=\"lightbox-gallery-1\" data-magnific_type=\"gallery\"><img loading=\"lazy\" decoding=\"async\" width=\"120\" height=\"120\" src=\"https:\/\/ute-wennrich.de\/wp-content\/uploads\/2024\/05\/Quadrat-04-120x120.jpg\" class=\"attachment-thumbnail size-thumbnail\" alt=\"\" \/><\/a>\n\t\t\t<\/div><\/figure><figure class='gallery-item'>\n\t\t\t<div class='gallery-icon landscape'>\n\t\t\t\t<a href='https:\/\/ute-wennrich.de\/wp-content\/uploads\/2024\/05\/Quadrat_Ausschnitt-01.jpg' title=\"\" data-rl_title=\"\" class=\"rl-gallery-link\" data-rl_caption=\"Aus der Serie 1 \u25a1 = 1 \u25a1 = 1 \u25a1 - Objekt h\u00e4ngend o. T. Relief 24-teilig - rot | Detail 1\" data-rel=\"lightbox-gallery-1\" data-magnific_type=\"gallery\"><img loading=\"lazy\" decoding=\"async\" width=\"120\" height=\"120\" src=\"https:\/\/ute-wennrich.de\/wp-content\/uploads\/2024\/05\/Quadrat_Ausschnitt-01-120x120.jpg\" class=\"attachment-thumbnail size-thumbnail\" alt=\"\" \/><\/a>\n\t\t\t<\/div><\/figure><figure class='gallery-item'>\n\t\t\t<div class='gallery-icon landscape'>\n\t\t\t\t<a href='https:\/\/ute-wennrich.de\/wp-content\/uploads\/2024\/05\/Quadrat_Ausschnitt-02.jpg' title=\"\" data-rl_title=\"\" class=\"rl-gallery-link\" data-rl_caption=\"Aus der Serie 1 \u25a1 = 1 \u25a1 = 1 \u25a1 - Objekt h\u00e4ngend o. T. Relief 24-teilig - rot | Detail 2\" data-rel=\"lightbox-gallery-1\" data-magnific_type=\"gallery\"><img loading=\"lazy\" decoding=\"async\" width=\"120\" height=\"120\" src=\"https:\/\/ute-wennrich.de\/wp-content\/uploads\/2024\/05\/Quadrat_Ausschnitt-02-120x120.jpg\" class=\"attachment-thumbnail size-thumbnail\" alt=\"\" \/><\/a>\n\t\t\t<\/div><\/figure><figure class='gallery-item'>\n\t\t\t<div class='gallery-icon landscape'>\n\t\t\t\t<a href='https:\/\/ute-wennrich.de\/wp-content\/uploads\/2024\/05\/Quadrat_Ausschnitt-03.jpg' title=\"\" data-rl_title=\"\" class=\"rl-gallery-link\" data-rl_caption=\"Aus der Serie 1 \u25a1 = 1 \u25a1 = 1 \u25a1 - Objekt h\u00e4ngend o. T. Relief 24-teilig - rot | Detail 3\" data-rel=\"lightbox-gallery-1\" data-magnific_type=\"gallery\"><img loading=\"lazy\" decoding=\"async\" width=\"120\" height=\"120\" src=\"https:\/\/ute-wennrich.de\/wp-content\/uploads\/2024\/05\/Quadrat_Ausschnitt-03-120x120.jpg\" class=\"attachment-thumbnail size-thumbnail\" alt=\"\" \/><\/a>\n\t\t\t<\/div><\/figure><figure class='gallery-item'>\n\t\t\t<div class='gallery-icon landscape'>\n\t\t\t\t<a href='https:\/\/ute-wennrich.de\/wp-content\/uploads\/2024\/05\/Quadrat_Ausschnitt-04.jpg' title=\"\" data-rl_title=\"\" class=\"rl-gallery-link\" data-rl_caption=\"Aus der Serie 1 \u25a1 = 1 \u25a1 = 1 \u25a1 - Objekt h\u00e4ngend o. T. Relief 24-teilig - rot | Detail 4\" data-rel=\"lightbox-gallery-1\" data-magnific_type=\"gallery\"><img loading=\"lazy\" decoding=\"async\" width=\"120\" height=\"120\" src=\"https:\/\/ute-wennrich.de\/wp-content\/uploads\/2024\/05\/Quadrat_Ausschnitt-04-120x120.jpg\" class=\"attachment-thumbnail size-thumbnail\" alt=\"\" \/><\/a>\n\t\t\t<\/div><\/figure><figure class='gallery-item'>\n\t\t\t<div class='gallery-icon landscape'>\n\t\t\t\t<a href='https:\/\/ute-wennrich.de\/wp-content\/uploads\/2024\/05\/Quadrat_einzel-h\u00e4ngend-2.jpg' title=\"\" data-rl_title=\"\" class=\"rl-gallery-link\" data-rl_caption=\"Aus der Serie 1 \u25a1 = 1 \u25a1 = 1 \u25a1 o. T. Relief 24-teilig - rot | Objekt h\u00e4ngend\" data-rel=\"lightbox-gallery-1\" data-magnific_type=\"gallery\"><img loading=\"lazy\" decoding=\"async\" width=\"120\" height=\"120\" src=\"https:\/\/ute-wennrich.de\/wp-content\/uploads\/2024\/05\/Quadrat_einzel-h\u00e4ngend-2-120x120.jpg\" class=\"attachment-thumbnail size-thumbnail\" alt=\"\" \/><\/a>\n\t\t\t<\/div><\/figure><figure class='gallery-item'>\n\t\t\t<div class='gallery-icon portrait'>\n\t\t\t\t<a href='https:\/\/ute-wennrich.de\/wp-content\/uploads\/2024\/05\/Tierblumen_1.jpg' title=\"\" data-rl_title=\"\" class=\"rl-gallery-link\" data-rl_caption=\"Tierblume Relief | 2023 | ca. 40 x 40 x 5 cm | Glasperlen, Faden auf Keilrahmen\" data-rel=\"lightbox-gallery-1\" data-magnific_type=\"gallery\"><img loading=\"lazy\" decoding=\"async\" width=\"120\" height=\"120\" src=\"https:\/\/ute-wennrich.de\/wp-content\/uploads\/2024\/05\/Tierblumen_1-120x120.jpg\" class=\"attachment-thumbnail size-thumbnail\" alt=\"\" srcset=\"https:\/\/ute-wennrich.de\/wp-content\/uploads\/2024\/05\/Tierblumen_1-120x120.jpg 120w, https:\/\/ute-wennrich.de\/wp-content\/uploads\/2024\/05\/Tierblumen_1-768x777.jpg 768w, https:\/\/ute-wennrich.de\/wp-content\/uploads\/2024\/05\/Tierblumen_1.jpg 988w\" sizes=\"auto, (max-width: 120px) 100vw, 120px\" \/><\/a>\n\t\t\t<\/div><\/figure><figure class='gallery-item'>\n\t\t\t<div class='gallery-icon landscape'>\n\t\t\t\t<a href='https:\/\/ute-wennrich.de\/wp-content\/uploads\/2024\/05\/Tierblume_Ausschnitt_1.jpg' title=\"\" data-rl_title=\"\" class=\"rl-gallery-link\" data-rl_caption=\"Tierblume Relief - Detail\" data-rel=\"lightbox-gallery-1\" data-magnific_type=\"gallery\"><img loading=\"lazy\" decoding=\"async\" width=\"120\" height=\"120\" src=\"https:\/\/ute-wennrich.de\/wp-content\/uploads\/2024\/05\/Tierblume_Ausschnitt_1-120x120.jpg\" class=\"attachment-thumbnail size-thumbnail\" alt=\"\" \/><\/a>\n\t\t\t<\/div><\/figure><figure class='gallery-item'>\n\t\t\t<div class='gallery-icon portrait'>\n\t\t\t\t<a href='https:\/\/ute-wennrich.de\/wp-content\/uploads\/2026\/03\/Rondell-gross-weiss_P7202666.jpg' title=\"\" data-rl_title=\"\" class=\"rl-gallery-link\" data-rl_caption=\"Rondelle \u2013 gro\u00df wei\u00df \u2013 2025 | \u00d8 = 30 cm, h = 10 cm | Rahmengr\u00f6\u00dfe: 70 x 50 cm | Mischtechnik, Glasperlen, Applikation\" data-rel=\"lightbox-gallery-1\" data-magnific_type=\"gallery\"><img loading=\"lazy\" decoding=\"async\" width=\"120\" height=\"120\" src=\"https:\/\/ute-wennrich.de\/wp-content\/uploads\/2026\/03\/Rondell-gross-weiss_P7202666-120x120.jpg\" class=\"attachment-thumbnail size-thumbnail\" alt=\"\" \/><\/a>\n\t\t\t<\/div><\/figure><figure class='gallery-item'>\n\t\t\t<div class='gallery-icon portrait'>\n\t\t\t\t<a href='https:\/\/ute-wennrich.de\/wp-content\/uploads\/2026\/03\/Rondelle-gross-weiss-Ausschnitt_P7202668.jpg' title=\"\" data-rl_title=\"\" class=\"rl-gallery-link\" data-rl_caption=\"Rondelle \u2013 gro\u00df wei\u00df \u2013 2025 | Detail\" data-rel=\"lightbox-gallery-1\" data-magnific_type=\"gallery\"><img loading=\"lazy\" decoding=\"async\" width=\"120\" height=\"120\" src=\"https:\/\/ute-wennrich.de\/wp-content\/uploads\/2026\/03\/Rondelle-gross-weiss-Ausschnitt_P7202668-120x120.jpg\" class=\"attachment-thumbnail size-thumbnail\" alt=\"\" \/><\/a>\n\t\t\t<\/div><\/figure>\n\t\t<\/div>\n\n\n&nbsp;<\/div><\/div><\/div><div id=\"pgc-2987-0-2\"  class=\"panel-grid-cell\" ><div id=\"panel-2987-0-2-0\" class=\"so-panel widget widget_black-studio-tinymce widget_black_studio_tinymce panel-first-child panel-last-child\" data-index=\"2\" ><div class=\"textwidget\"><h3>1 \u25a1 = 1 \u25a1 = 1 \u25a1<\/h3>\n<\/div><\/div><\/div><\/div><\/div>","protected":false},"excerpt":{"rendered":"<p>&nbsp; 1 \u25a1 = 1 \u25a1 = 1 \u25a1<\/p>\n","protected":false},"author":1,"featured_media":0,"parent":21,"menu_order":0,"comment_status":"closed","ping_status":"closed","template":"page-templates\/full-width.php","meta":{"footnotes":""},"class_list":["post-2987","page","type-page","status-publish","hentry"],"_links":{"self":[{"href":"https:\/\/ute-wennrich.de\/en\/wp-json\/wp\/v2\/pages\/2987","targetHints":{"allow":["GET"]}}],"collection":[{"href":"https:\/\/ute-wennrich.de\/en\/wp-json\/wp\/v2\/pages"}],"about":[{"href":"https:\/\/ute-wennrich.de\/en\/wp-json\/wp\/v2\/types\/page"}],"author":[{"embeddable":true,"href":"https:\/\/ute-wennrich.de\/en\/wp-json\/wp\/v2\/users\/1"}],"replies":[{"embeddable":true,"href":"https:\/\/ute-wennrich.de\/en\/wp-json\/wp\/v2\/comments?post=2987"}],"version-history":[{"count":11,"href":"https:\/\/ute-wennrich.de\/en\/wp-json\/wp\/v2\/pages\/2987\/revisions"}],"predecessor-version":[{"id":3541,"href":"https:\/\/ute-wennrich.de\/en\/wp-json\/wp\/v2\/pages\/2987\/revisions\/3541"}],"up":[{"embeddable":true,"href":"https:\/\/ute-wennrich.de\/en\/wp-json\/wp\/v2\/pages\/21"}],"wp:attachment":[{"href":"https:\/\/ute-wennrich.de\/en\/wp-json\/wp\/v2\/media?parent=2987"}],"curies":[{"name":"wp","href":"https:\/\/api.w.org\/{rel}","templated":true}]}}