{"id":31,"date":"2015-07-15T11:27:41","date_gmt":"2015-07-15T11:27:41","guid":{"rendered":"http:\/\/art.ute-wennrich.de\/?page_id=31"},"modified":"2026-03-10T13:14:39","modified_gmt":"2026-03-10T12:14:39","slug":"vita","status":"publish","type":"page","link":"https:\/\/ute-wennrich.de\/en\/vita\/","title":{"rendered":"Vita"},"content":{"rendered":"<div id=\"pl-31\"  class=\"panel-layout\" ><div id=\"pg-31-0\"  class=\"panel-grid panel-no-style\" ><div id=\"pgc-31-0-0\"  class=\"panel-grid-cell\" ><div id=\"panel-31-0-0-0\" class=\"so-panel widget widget_black-studio-tinymce widget_black_studio_tinymce panel-first-child panel-last-child\" data-index=\"0\" ><div class=\"textwidget\"><p><img loading=\"lazy\" decoding=\"async\" class=\"alignnone wp-image-1017 size-medium\" src=\"https:\/\/www.ute-wennrich.de\/wp-content\/uploads\/2015\/07\/wennrich_ute_01-300x300.jpg\" alt=\"wennrich_ute_01\" width=\"300\" height=\"300\" srcset=\"https:\/\/ute-wennrich.de\/wp-content\/uploads\/2015\/07\/wennrich_ute_01-300x300.jpg 300w, https:\/\/ute-wennrich.de\/wp-content\/uploads\/2015\/07\/wennrich_ute_01-120x120.jpg 120w, https:\/\/ute-wennrich.de\/wp-content\/uploads\/2015\/07\/wennrich_ute_01.jpg 350w\" sizes=\"auto, (max-width: 300px) 100vw, 300px\" \/><\/p>\n<\/div><\/div><\/div><div id=\"pgc-31-0-1\"  class=\"panel-grid-cell\" ><div id=\"panel-31-0-1-0\" class=\"so-panel widget widget_black-studio-tinymce widget_black_studio_tinymce panel-first-child panel-last-child\" data-index=\"1\" ><div class=\"textwidget\"><h3>Ute Wennrich<\/h3>\n<p><span style=\"color: #99ccff;\">\u25a0<\/span> 1951 born in Augsburg<br \/>\n<span style=\"color: #99ccff;\">\u25a0<\/span> 1968-78 apprenticeship as carpenter, interior design and architecture studies at the Hochschule der K\u00fcnste, Berlin, diploma<br \/>\n<span style=\"color: #99ccff;\">\u25a0<\/span> Since 1978 working as an architect<br \/>\n<span style=\"color: #99ccff;\">\u25a0<\/span> Since 1989 working as an artist<br \/>\n<span style=\"color: #99ccff;\">\u25a0<\/span> In her artistic work she is engaged with space and spatial structures, which are implemented in form of collage, assemblage and spatially related objects. Since 2003 also design of Objects with glass beads.<br \/>\n<span style=\"color: #99ccff;\">\u25a0<\/span> Ute Wennrich lives and works in Berlin<\/p>\n<h3>Artistic formation<\/h3>\n<p><span style=\"color: #99ccff;\">\u25a0<\/span> 1990-2008 with Rolf F\u00e4sser, Prof. Itzinger, Milan Kn\u00ed\u017e\u00e1k, Louis, Sati Zech, Erich Sauer<br \/>\n<span style=\"color: #99ccff;\">\u25a0<\/span> 1991 study visit to Marocco under direction of Sati Zech; Participation at Berliner Sommerakademie with Milan Kn\u00ed\u017e\u00e1k, Prag<br \/>\n<span style=\"color: #99ccff;\">\u25a0<\/span> 1994 study visit at Th\u00fcringsche Sommer Akademie with Sati Zech<br \/>\n<span style=\"color: #99ccff;\">\u25a0<\/span> 2000 participation at internationale Sommerakademie with Sati Zech<br \/>\n<span style=\"color: #99ccff;\">\u25a0<\/span> 2004 study visit to Senegal; Sommerakademie Strausberg with Erich Sauer<br \/>\n<span style=\"color: #99ccff;\">\u25a0<\/span> 2005 International artists symposium at Czech Republic<br \/>\n<span style=\"color: #99ccff;\">\u25a0<\/span> 2008 International artists symposium at Kaunas, Lithuania<br \/>\n<span style=\"color: #99ccff;\">\u25a0<\/span> 2018 Artist residence and working scholarship in Lauscha, Thuringia<br \/>\n<span style=\"color: #99ccff;\">\u25a0<\/span> 2018 Artist residence Santa Certa, Italy<br \/>\n<span style=\"color: #99ccff;\">\u25a0<\/span> 2019 Artist residence Kunsthaus Stove, Mecklenburg-Vorpommern<br \/>\n<span style=\"color: #99ccff;\">\u25a0<\/span> 2021 Artist residence Kunsthaus Stove, Mecklenburg-Vorpommern<\/p>\n<\/div><\/div><\/div><div id=\"pgc-31-0-2\"  class=\"panel-grid-cell\" ><div id=\"panel-31-0-2-0\" class=\"so-panel widget widget_black-studio-tinymce widget_black_studio_tinymce panel-first-child panel-last-child\" data-index=\"2\" ><div class=\"textwidget\"><h3>Exhibitions and participations<\/h3>\n<p><span style=\"color: #99ccff;\">\u25a0<\/span> 2025 contra:punkt, Galerie Froschke, Berlin (m. A. Kycia)<br \/>\n<span style=\"color: #99ccff;\">\u25a0<\/span> 2025 burgomenta04 in der Burg zu Hagen im Bremischen (GA)<br \/>\n<span style=\"color: #99ccff;\">\u25a0<\/span> 2024 LEICHT \u2013 FEST spiel der gegens\u00e4tze, altelierhof werenzhain, Doberlug-Kirchhain (m. H. Wagner)<br \/>\n<span style=\"color: #99ccff;\">\u25a0<\/span> 2024 unterwegs, Museum Z\u00fcndorfer Wehrturm, K\u00f6ln (m. R. Quint)<br \/>\n<span style=\"color: #99ccff;\">\u25a0<\/span> 2024 STREIFLICHTER \u2013 SCHATTENRISS, Galerie am Kietz, Schwedt (m. H. Wagner)<br \/>\n<span style=\"color: #99ccff;\">\u25a0<\/span> 2023 FROST, Galerie Packschuppen, Baruth, Ortsteil Glash\u00fctte<br \/>\n<span style=\"color: #99ccff;\">\u25a0<\/span> 2022 STILLSTAND & WANDEL, Die Br\u00fccke Kunstverein e.V., Kleinmachnow b. Berlin<br \/>\n<span style=\"color: #99ccff;\">\u25a0<\/span> 2021 COPELIA 1, Inselgalerie, Berlin<br \/>\n<span style=\"color: #99ccff;\">\u25a0<\/span> 2021 ARRAMGEMENT DER DINGE, Kunstraum LOT, M\u00fcnchen<br \/>\n<span style=\"color: #99ccff;\">\u25a0<\/span> 2021 GEOMETRIE DES ZUFALLS, Galerie ART ROOM, D\u00fcsseldorf<br \/>\n<span style=\"color: #99ccff;\">\u25a0<\/span> 2020 15th International Biennal of Miniture Art, Gornji Milanovak, Serbien<br \/>\n<span style=\"color: #99ccff;\">\u25a0<\/span> 2020 Unter der Kuppel des Windes<br \/>\nGalerie Bernau, Bernau b. Berlin<br \/>\n<span style=\"color: #99ccff;\">\u25a0<\/span> 2020 K\u00d6RPER Bauplan FRAU<br \/>\nGalerie der GEDOK Berlin<br \/>\n<span style=\"color: #99ccff;\">\u25a0<\/span> 2019 MENTAL LANDSCAPES<br \/>\nGEDOK, Berlin<br \/>\n<span style=\"color: #99ccff;\">\u25a0<\/span> 2019 GLASPLASTIK UND GARTEN<br \/>\n11. Internationale Ausstellung, Munster, Deutschland<br \/>\n<span style=\"color: #99ccff;\">\u25a0<\/span> 2019 von wegen weg<br \/>\nInselgalerie, Berlin, Gruppe 20zw\u00f6lf<br \/>\n<span style=\"color: #99ccff;\">\u25a0<\/span> 2018 Licht V (GA)<br \/>\ngalerie m beck, Homburg\/ Saar<br \/>\n<span style=\"color: #99ccff;\">\u25a0<\/span> 2018 IDENTITY<br \/>\nTeilnahme an der 6. Int. Triennale in Riga, Lettland<br \/>\n<span style=\"color: #99ccff;\">\u25a0<\/span> 2018 PAPIER UND PERLEN (mit Heike Berl)<br \/>\natelierhof werenzhain, Niederlausitz\/ Brandenburg<br \/>\n<span style=\"color: #99ccff;\">\u25a0<\/span> 2017 Kult  im Wandel (GA)<br \/>\nVilla Kult, Berlin<br \/>\n<span style=\"color: #99ccff;\">\u25a0<\/span> 2017 light and shadow (mit Almyra Weigel)<br \/>\nGalerie Arka, Vilnius, Litauen<br \/>\n<span style=\"color: #99ccff;\">\u25a0<\/span> 2017 Im Schatten des Lichts (mit Hitomi Uchikura und Almyra Weigel)<br \/>\nWassergalerie, Berlin<br \/>\n<span style=\"color: #99ccff;\">\u25a0<\/span> 2017 auf die barrikaden \u2013 1968 \u2013 2018 \u2013 Kalenderprojekt (GA)<br \/>\nGalerie La Girafe, Berlin<br \/>\n<span style=\"color: #99ccff;\">\u25a0<\/span> 2016  noir Arbeiten 1993 \u2013 2013<br \/>\nKunstRaumKo, Berlin<br \/>\n<span style=\"color: #99ccff;\">\u25a0<\/span> 2016 PAPIERtr\u00e4ume<br \/>\nGalerie dapberlin, Berlin<\/p>\n<\/div><\/div><\/div><div id=\"pgc-31-0-3\"  class=\"panel-grid-cell\" ><div id=\"panel-31-0-3-0\" class=\"so-panel widget widget_black-studio-tinymce widget_black_studio_tinymce panel-first-child panel-last-child\" data-index=\"3\" ><div class=\"textwidget\"><p><span style=\"color: #99ccff;\">\u25a0<\/span> 2015 Alles Papier - KunstRaumKo, Berlin<br \/>\n<span style=\"color: #99ccff;\">\u25a0<\/span> 2014 AKTionale II. Das nackte Sein<br \/>\nGalerie Verein Berliner K\u00fcnstler und Galerie der Kunstgie\u00dferei Flierl, Berlin (GA)<br \/>\n<span style=\"color: #99ccff;\">\u25a0<\/span> 2014 WIDERHALL DER STILLE<br \/>\nUte Wennrich und Inge Kaspar-B\u00f6hm, Galerie KunstRaumKo, Berlin<br \/>\n<span style=\"color: #99ccff;\">\u25a0<\/span> 2014 FJARTE \u2013 V. Edici\u00f3n<br \/>\nCentro Municipal de Cultura, Churriana de la Vega, Granada, Spanien (GA)<br \/>\n<span style=\"color: #99ccff;\">\u25a0<\/span> 2013 VON EINZELLERN UND ANDEREN MERKW\u00dcRDIGEN WESEN<br \/>\nGalerie KunstRaumKo, Berlin (EA)<br \/>\n<span style=\"color: #99ccff;\">\u25a0<\/span> 2013 Elemente. Schwerkraft. Gleichgewicht<br \/>\nKunstgie\u00dferei &amp; Galerie Flierl, Berlin (GA)<br \/>\n<span style=\"color: #99ccff;\">\u25a0<\/span> 2012 Ornament<br \/>\nGalerie KunstRaum Ko, Berlin (GA)<br \/>\n<span style=\"color: #99ccff;\">\u25a0<\/span> 2008 R\u00fcckblick \u2013 10 Jahre pro arte vivendi<br \/>\nGalerie G, Olomouce, Tschech. Republik (GA)<br \/>\n<span style=\"color: #99ccff;\">\u25a0<\/span> 2008 Ausstellung in der Galerie BALTA, Kaunas, Litauen (GA)<br \/>\n<span style=\"color: #99ccff;\">\u25a0<\/span> 2005 Ort des Ged\u00e4chtnisses<br \/>\nGalerie Sternberk und Galerie G, Olomouce, Tschechische Republik<br \/>\n<span style=\"color: #99ccff;\">\u25a0<\/span> 2000 RAUM DER VERDICHTETEN ZEIT<br \/>\nLoft 36, Berlin (mit Peter Wi\u00dfmann)<br \/>\n<span style=\"color: #99ccff;\">\u25a0<\/span> 1999 Gedankenspielr\u00e4ume<br \/>\nKIK Galeria Kaufhof, Berlin (EA)<br \/>\n<span style=\"color: #99ccff;\">\u25a0<\/span> 1999 Malerei Zeichnungen Objekte<br \/>\nToskanische S\u00e4ulenhalle, Augsburg (Gruppe NEUN2)<br \/>\n<span style=\"color: #99ccff;\">\u25a0<\/span> 1998 SCHWARZ \u2013 WEISS eine Gegen\u00fcberstellung<br \/>\nGalerie im Gericht, Berlin (EA)<br \/>\n<span style=\"color: #99ccff;\">\u25a0<\/span> 1997 Sankt Gertrauden-Krankenhaus, Berlin (Gruppe NEUN2)<br \/>\n<span style=\"color: #99ccff;\">\u25a0<\/span> 1995 Schwerpunkte Blickpunkte Standpunkte<br \/>\nIG Halle, Rapperswil, Schweiz (Gruppe NEUN2)<br \/>\n<span style=\"color: #99ccff;\">\u25a0<\/span> 1994 Malerei \u2013 Plastische Arbeiten<br \/>\nLindenbrauerei Kultur- und Kommunikationszentrum, Unna (Gruppe NEUN2)<br \/>\nMalerei \u2013 Plastische Arbeiten<br \/>\nKunsthaus Angelmodde, M\u00fcnster (Gruppe NEUN2)<br \/>\n<span style=\"color: #99ccff;\">\u25a0<\/span> 1993 Bilder \u2013 Plastiken<br \/>\nHotel Artemisia, Berlin (Gruppe NEUN2)<br \/>\n<span style=\"color: #99ccff;\">\u25a0<\/span> 1991 Berliner Sommerakademie, Hochschule der K\u00fcnste, Berlin (GA)<br \/>\nImpressions Marocaines<br \/>\nGal\u00e9rie La D\u00e9couverte, Rabat in Zusammenarbeit mit dem Goethe-Institut Marokko (GA)<br \/>\n<span style=\"color: #99ccff;\">\u25a0<\/span> 1990 Civitella d\u2019Agliano, Italien (GA)<\/p>\n<p style=\"text-align: left;\">2006-2014<br \/>\n<span style=\"color: #99ccff;\">\u25a0<\/span> Teilnahme am Textiltag im Museum Europ\u00e4ischer Kulturen, Berlin<\/p>\n<\/div><\/div><\/div><\/div><\/div>","protected":false},"excerpt":{"rendered":"<p>Ute Wennrich \u25a0 1951 born in Augsburg \u25a0 1968-78 apprenticeship as carpenter, interior design and architecture studies at the Hochschule der K\u00fcnste, Berlin, diploma \u25a0 Since 1978 working as an architect \u25a0 Since 1989 working as an artist \u25a0 In her artistic work she is engaged with space and spatial structures, which are implemented in <\/p>\n<p><a class=\"read-more shaped-btn shaped-btn-sm\" href=\"https:\/\/ute-wennrich.de\/en\/vita\/\" itemprop=\"url\">Read More<\/a><\/p>\n","protected":false},"author":1,"featured_media":0,"parent":0,"menu_order":0,"comment_status":"closed","ping_status":"closed","template":"page-templates\/full-width.php","meta":{"footnotes":""},"class_list":["post-31","page","type-page","status-publish","hentry"],"_links":{"self":[{"href":"https:\/\/ute-wennrich.de\/en\/wp-json\/wp\/v2\/pages\/31","targetHints":{"allow":["GET"]}}],"collection":[{"href":"https:\/\/ute-wennrich.de\/en\/wp-json\/wp\/v2\/pages"}],"about":[{"href":"https:\/\/ute-wennrich.de\/en\/wp-json\/wp\/v2\/types\/page"}],"author":[{"embeddable":true,"href":"https:\/\/ute-wennrich.de\/en\/wp-json\/wp\/v2\/users\/1"}],"replies":[{"embeddable":true,"href":"https:\/\/ute-wennrich.de\/en\/wp-json\/wp\/v2\/comments?post=31"}],"version-history":[{"count":37,"href":"https:\/\/ute-wennrich.de\/en\/wp-json\/wp\/v2\/pages\/31\/revisions"}],"predecessor-version":[{"id":3626,"href":"https:\/\/ute-wennrich.de\/en\/wp-json\/wp\/v2\/pages\/31\/revisions\/3626"}],"wp:attachment":[{"href":"https:\/\/ute-wennrich.de\/en\/wp-json\/wp\/v2\/media?parent=31"}],"curies":[{"name":"wp","href":"https:\/\/api.w.org\/{rel}","templated":true}]}}