{"id":327,"date":"2015-07-27T15:54:13","date_gmt":"2015-07-27T15:54:13","guid":{"rendered":"http:\/\/art.ute-wennrich.de\/?page_id=327"},"modified":"2020-05-24T15:31:13","modified_gmt":"2020-05-24T13:31:13","slug":"papierarbeiten","status":"publish","type":"page","link":"https:\/\/ute-wennrich.de\/en\/papier\/papierarbeiten\/","title":{"rendered":"Paper Works"},"content":{"rendered":"<div id=\"pl-327\"  class=\"panel-layout\" ><div id=\"pg-327-0\"  class=\"panel-grid panel-no-style\" ><div id=\"pgc-327-0-0\"  class=\"panel-grid-cell\" ><div id=\"panel-327-0-0-0\" class=\"so-panel widget widget_nav_menu panel-first-child panel-last-child\" data-index=\"0\" ><h3 class=\"widget-title\">Works with Paper<\/h3><div class=\"menu-papier-container\"><ul id=\"menu-papier\" class=\"menu\"><li id=\"menu-item-255\" class=\"menu-item menu-item-type-post_type menu-item-object-page menu-item-255\"><a href=\"https:\/\/ute-wennrich.de\/en\/papier\/cera-una-volta-i-v\/\">c&#8217;era una volta I-V<\/a><\/li>\n<li id=\"menu-item-256\" class=\"menu-item menu-item-type-post_type menu-item-object-page menu-item-256\"><a href=\"https:\/\/ute-wennrich.de\/en\/papier\/cera-una-volta-vi-xi\/\">c&#8217;era una volta VI-XI<\/a><\/li>\n<li id=\"menu-item-261\" class=\"menu-item menu-item-type-post_type menu-item-object-page menu-item-261\"><a href=\"https:\/\/ute-wennrich.de\/en\/papier\/zellstruktur\/\">Cell Structure<\/a><\/li>\n<li id=\"menu-item-258\" class=\"menu-item menu-item-type-post_type menu-item-object-page menu-item-258\"><a href=\"https:\/\/ute-wennrich.de\/en\/papier\/who-is-afraid\/\">who is afraid<\/a><\/li>\n<li id=\"menu-item-259\" class=\"menu-item menu-item-type-post_type menu-item-object-page menu-item-259\"><a href=\"https:\/\/ute-wennrich.de\/en\/papier\/schattenspiele\/\">Shadow Plays<\/a><\/li>\n<li id=\"menu-item-331\" class=\"menu-item menu-item-type-post_type menu-item-object-page menu-item-331\"><a href=\"https:\/\/ute-wennrich.de\/en\/papier\/papierarbeiten\/\">in memoriam, Interlacing<\/a><\/li>\n<li id=\"menu-item-1056\" class=\"menu-item menu-item-type-post_type menu-item-object-page menu-item-1056\"><a href=\"https:\/\/ute-wennrich.de\/en\/papier\/pappmache-2015-2016\/\">Pappmach\u00e9<\/a><\/li>\n<li id=\"menu-item-2575\" class=\"menu-item menu-item-type-post_type menu-item-object-page menu-item-2575\"><a href=\"https:\/\/ute-wennrich.de\/en\/papier\/pappmache-ii\/\">Pappmach\u00e9 II<\/a><\/li>\n<li id=\"menu-item-1076\" class=\"menu-item menu-item-type-post_type menu-item-object-page menu-item-1076\"><a href=\"https:\/\/ute-wennrich.de\/en\/papier\/quelle-wandzeitung-o-t\/\">Fount &#8211; Wall Newspaper &#8211; o. T. &#8211; 100 Views<\/a><\/li>\n<li id=\"menu-item-1201\" class=\"menu-item menu-item-type-post_type menu-item-object-page menu-item-1201\"><a href=\"https:\/\/ute-wennrich.de\/en\/papier\/alltaeglichkeiten\/\">Everyday Life &#8211; Vessel<\/a><\/li>\n<li id=\"menu-item-2615\" class=\"menu-item menu-item-type-post_type menu-item-object-page menu-item-2615\"><a href=\"https:\/\/ute-wennrich.de\/en\/papier\/fahnenobjekt\/\">Flag object<\/a><\/li>\n<li id=\"menu-item-3124\" class=\"menu-item menu-item-type-post_type menu-item-object-page menu-item-3124\"><a href=\"https:\/\/ute-wennrich.de\/en\/papier\/reminiszenz-in-weiss\/\">Reminiscence in white<\/a><\/li>\n<li id=\"menu-item-3149\" class=\"menu-item menu-item-type-post_type menu-item-object-page menu-item-3149\"><a href=\"https:\/\/ute-wennrich.de\/en\/papier\/wuestentableaus\/\">Desert tableaus<\/a><\/li>\n<\/ul><\/div><\/div><\/div><div id=\"pgc-327-0-1\"  class=\"panel-grid-cell\" ><div id=\"panel-327-0-1-0\" class=\"so-panel widget widget_black-studio-tinymce widget_black_studio_tinymce panel-first-child panel-last-child\" data-index=\"1\" ><div class=\"textwidget\"><div id='gallery-1' class='gallery galleryid-327 gallery-columns-4 gallery-size-thumbnail'><figure class='gallery-item'>\n\t\t\t<div class='gallery-icon portrait'>\n\t\t\t\t<a href='https:\/\/ute-wennrich.de\/wp-content\/uploads\/2015\/07\/01_in-memoriam_001.jpg' title=\"\" data-rl_title=\"\" class=\"rl-gallery-link\" data-rl_caption=\"in memoriam (an die Mutter) | 2013 paper on carton, ca. 91 x 120 x 3 cm\" data-rel=\"lightbox-gallery-1\" data-magnific_type=\"gallery\"><img loading=\"lazy\" decoding=\"async\" width=\"120\" height=\"120\" src=\"https:\/\/ute-wennrich.de\/wp-content\/uploads\/2015\/07\/01_in-memoriam_001-120x120.jpg\" class=\"attachment-thumbnail size-thumbnail\" alt=\"\" \/><\/a>\n\t\t\t<\/div><\/figure><figure class='gallery-item'>\n\t\t\t<div class='gallery-icon portrait'>\n\t\t\t\t<a href='https:\/\/ute-wennrich.de\/wp-content\/uploads\/2015\/07\/02_in-memoriam_005.jpg' title=\"\" data-rl_title=\"\" class=\"rl-gallery-link\" data-rl_caption=\"in memoriam (an die Mutter) | 2013 paper on carton, ca. 91 x 120 x 3 cm (detail)\" data-rel=\"lightbox-gallery-1\" data-magnific_type=\"gallery\"><img loading=\"lazy\" decoding=\"async\" width=\"120\" height=\"120\" src=\"https:\/\/ute-wennrich.de\/wp-content\/uploads\/2015\/07\/02_in-memoriam_005-120x120.jpg\" class=\"attachment-thumbnail size-thumbnail\" alt=\"\" \/><\/a>\n\t\t\t<\/div><\/figure><figure class='gallery-item'>\n\t\t\t<div class='gallery-icon landscape'>\n\t\t\t\t<a href='https:\/\/ute-wennrich.de\/wp-content\/uploads\/2015\/07\/03_in-memoriam_007.jpg' title=\"\" data-rl_title=\"\" class=\"rl-gallery-link\" data-rl_caption=\"in memoriam (an die Mutter) | 2013 paper on carton, ca. 91 x 120 x 3 cm (detail)\" data-rel=\"lightbox-gallery-1\" data-magnific_type=\"gallery\"><img loading=\"lazy\" decoding=\"async\" width=\"120\" height=\"120\" src=\"https:\/\/ute-wennrich.de\/wp-content\/uploads\/2015\/07\/03_in-memoriam_007-120x120.jpg\" class=\"attachment-thumbnail size-thumbnail\" alt=\"\" \/><\/a>\n\t\t\t<\/div><\/figure><figure class='gallery-item'>\n\t\t\t<div class='gallery-icon landscape'>\n\t\t\t\t<a href='https:\/\/ute-wennrich.de\/wp-content\/uploads\/2015\/07\/04_Lethe-009a.jpg' title=\"\" data-rl_title=\"\" class=\"rl-gallery-link\" data-rl_caption=\"LETHE - in memoriam paper on carton, ca. 210 x 70 x 5 cm\" data-rel=\"lightbox-gallery-1\" data-magnific_type=\"gallery\"><img loading=\"lazy\" decoding=\"async\" width=\"120\" height=\"120\" src=\"https:\/\/ute-wennrich.de\/wp-content\/uploads\/2015\/07\/04_Lethe-009a-120x120.jpg\" class=\"attachment-thumbnail size-thumbnail\" alt=\"\" \/><\/a>\n\t\t\t<\/div><\/figure><figure class='gallery-item'>\n\t\t\t<div class='gallery-icon landscape'>\n\t\t\t\t<a href='https:\/\/ute-wennrich.de\/wp-content\/uploads\/2015\/07\/05_Lethe-016.jpg' title=\"\" data-rl_title=\"\" class=\"rl-gallery-link\" data-rl_caption=\"LETHE - in memoriam paper on carton, ca. 210 x 70 x 5 cm (detail)\" data-rel=\"lightbox-gallery-1\" data-magnific_type=\"gallery\"><img loading=\"lazy\" decoding=\"async\" width=\"120\" height=\"120\" src=\"https:\/\/ute-wennrich.de\/wp-content\/uploads\/2015\/07\/05_Lethe-016-120x120.jpg\" class=\"attachment-thumbnail size-thumbnail\" alt=\"\" \/><\/a>\n\t\t\t<\/div><\/figure><figure class='gallery-item'>\n\t\t\t<div class='gallery-icon landscape'>\n\t\t\t\t<a href='https:\/\/ute-wennrich.de\/wp-content\/uploads\/2015\/07\/06_Lethe-012.jpg' title=\"\" data-rl_title=\"\" class=\"rl-gallery-link\" data-rl_caption=\"LETHE - in memoriam paper on carton, ca. 210 x 70 x 5 cm (detail)\" data-rel=\"lightbox-gallery-1\" data-magnific_type=\"gallery\"><img loading=\"lazy\" decoding=\"async\" width=\"120\" height=\"120\" src=\"https:\/\/ute-wennrich.de\/wp-content\/uploads\/2015\/07\/06_Lethe-012-120x120.jpg\" class=\"attachment-thumbnail size-thumbnail\" alt=\"\" \/><\/a>\n\t\t\t<\/div><\/figure><figure class='gallery-item'>\n\t\t\t<div class='gallery-icon landscape'>\n\t\t\t\t<a href='https:\/\/ute-wennrich.de\/wp-content\/uploads\/2015\/07\/06_Lethe-021.jpg' title=\"\" data-rl_title=\"\" class=\"rl-gallery-link\" data-rl_caption=\"LETHE - in memoriam paper on carton, ca. 210 x 70 x 5 cm (detail)\" data-rel=\"lightbox-gallery-1\" data-magnific_type=\"gallery\"><img loading=\"lazy\" decoding=\"async\" width=\"120\" height=\"120\" src=\"https:\/\/ute-wennrich.de\/wp-content\/uploads\/2015\/07\/06_Lethe-021-120x120.jpg\" class=\"attachment-thumbnail size-thumbnail\" alt=\"\" \/><\/a>\n\t\t\t<\/div><\/figure><figure class='gallery-item'>\n\t\t\t<div class='gallery-icon landscape'>\n\t\t\t\t<a href='https:\/\/ute-wennrich.de\/wp-content\/uploads\/2015\/07\/08_Lethe-019.jpg' title=\"\" data-rl_title=\"\" class=\"rl-gallery-link\" data-rl_caption=\"LETHE - in memoriam paper on carton, ca. 210 x 70 x 5 cm (detail)\" data-rel=\"lightbox-gallery-1\" data-magnific_type=\"gallery\"><img loading=\"lazy\" decoding=\"async\" width=\"120\" height=\"120\" src=\"https:\/\/ute-wennrich.de\/wp-content\/uploads\/2015\/07\/08_Lethe-019-120x120.jpg\" class=\"attachment-thumbnail size-thumbnail\" alt=\"\" \/><\/a>\n\t\t\t<\/div><\/figure><figure class='gallery-item'>\n\t\t\t<div class='gallery-icon landscape'>\n\t\t\t\t<a href='https:\/\/ute-wennrich.de\/wp-content\/uploads\/2015\/07\/09_Struktur1-weiss.jpg' title=\"\" data-rl_title=\"\" class=\"rl-gallery-link\" data-rl_caption=\"Struktur 1 - wei\u00df | 2013 12-pice wall object, paper on cardboard, ca. 60 x 180 x 3 cm\" data-rel=\"lightbox-gallery-1\" data-magnific_type=\"gallery\"><img loading=\"lazy\" decoding=\"async\" width=\"120\" height=\"120\" src=\"https:\/\/ute-wennrich.de\/wp-content\/uploads\/2015\/07\/09_Struktur1-weiss-120x120.jpg\" class=\"attachment-thumbnail size-thumbnail\" alt=\"\" \/><\/a>\n\t\t\t<\/div><\/figure><figure class='gallery-item'>\n\t\t\t<div class='gallery-icon portrait'>\n\t\t\t\t<a href='https:\/\/ute-wennrich.de\/wp-content\/uploads\/2015\/07\/10_Struktur1-weiss_detail02.jpg' title=\"\" data-rl_title=\"\" class=\"rl-gallery-link\" data-rl_caption=\"Struktur 1 - wei\u00df | 2013 12-pice wall object, paper on cardboard, ca. 60 x 180 x 3 cm (detail)\" data-rel=\"lightbox-gallery-1\" data-magnific_type=\"gallery\"><img loading=\"lazy\" decoding=\"async\" width=\"120\" height=\"120\" src=\"https:\/\/ute-wennrich.de\/wp-content\/uploads\/2015\/07\/10_Struktur1-weiss_detail02-120x120.jpg\" class=\"attachment-thumbnail size-thumbnail\" alt=\"\" \/><\/a>\n\t\t\t<\/div><\/figure><figure class='gallery-item'>\n\t\t\t<div class='gallery-icon landscape'>\n\t\t\t\t<a href='https:\/\/ute-wennrich.de\/wp-content\/uploads\/2015\/07\/11_Struktur1-weiss_detail01.jpg' title=\"\" data-rl_title=\"\" class=\"rl-gallery-link\" data-rl_caption=\"Struktur 1 - wei\u00df | 2013 12-pice wall object, paper on cardboard, ca. 60 x 180 x 3 cm (detail)\" data-rel=\"lightbox-gallery-1\" data-magnific_type=\"gallery\"><img loading=\"lazy\" decoding=\"async\" width=\"120\" height=\"120\" src=\"https:\/\/ute-wennrich.de\/wp-content\/uploads\/2015\/07\/11_Struktur1-weiss_detail01-120x120.jpg\" class=\"attachment-thumbnail size-thumbnail\" alt=\"\" \/><\/a>\n\t\t\t<\/div><\/figure><figure class='gallery-item'>\n\t\t\t<div class='gallery-icon portrait'>\n\t\t\t\t<a href='https:\/\/ute-wennrich.de\/wp-content\/uploads\/2015\/07\/12_Verflechtung-2-schwarz01.jpg' title=\"\" data-rl_title=\"\" class=\"rl-gallery-link\" data-rl_caption=\"Verflechtung 2 - schwarz | 2013\/14 Paper on cardboard, ca. ca. 160 x 75 cm\" data-rel=\"lightbox-gallery-1\" data-magnific_type=\"gallery\"><img loading=\"lazy\" decoding=\"async\" width=\"120\" height=\"120\" src=\"https:\/\/ute-wennrich.de\/wp-content\/uploads\/2015\/07\/12_Verflechtung-2-schwarz01-120x120.jpg\" class=\"attachment-thumbnail size-thumbnail\" alt=\"\" \/><\/a>\n\t\t\t<\/div><\/figure><figure class='gallery-item'>\n\t\t\t<div class='gallery-icon landscape'>\n\t\t\t\t<a href='https:\/\/ute-wennrich.de\/wp-content\/uploads\/2015\/07\/13_Verflechtung-2-schwarz_detail.jpg' title=\"\" data-rl_title=\"\" class=\"rl-gallery-link\" data-rl_caption=\"Verflechtung 2 - schwarz | 2013\/14 Paper on cardboard, ca. 160 x 75 cm (detail)\" data-rel=\"lightbox-gallery-1\" data-magnific_type=\"gallery\"><img loading=\"lazy\" decoding=\"async\" width=\"120\" height=\"120\" src=\"https:\/\/ute-wennrich.de\/wp-content\/uploads\/2015\/07\/13_Verflechtung-2-schwarz_detail-120x120.jpg\" class=\"attachment-thumbnail size-thumbnail\" alt=\"\" \/><\/a>\n\t\t\t<\/div><\/figure><figure class='gallery-item'>\n\t\t\t<div class='gallery-icon portrait'>\n\t\t\t\t<a href='https:\/\/ute-wennrich.de\/wp-content\/uploads\/2015\/07\/14_Verflechtung-3-schwarz-braun_01b.jpg' title=\"\" data-rl_title=\"\" class=\"rl-gallery-link\" data-rl_caption=\"Verflechtung 3 - schwarz-braun | 2013\/14 Paper on cardboard, ca. 218 x 35 cm\" data-rel=\"lightbox-gallery-1\" data-magnific_type=\"gallery\"><img loading=\"lazy\" decoding=\"async\" width=\"84\" height=\"120\" src=\"https:\/\/ute-wennrich.de\/wp-content\/uploads\/2015\/07\/14_Verflechtung-3-schwarz-braun_01b-84x120.jpg\" class=\"attachment-thumbnail size-thumbnail\" alt=\"\" \/><\/a>\n\t\t\t<\/div><\/figure><figure class='gallery-item'>\n\t\t\t<div class='gallery-icon portrait'>\n\t\t\t\t<a href='https:\/\/ute-wennrich.de\/wp-content\/uploads\/2015\/07\/15_Verflechtung-3-schwarz-braun_03.jpg' title=\"\" data-rl_title=\"\" class=\"rl-gallery-link\" data-rl_caption=\"Verflechtung 3 - schwarz-braun | 2013\/14 Paper on cardboard, ca. 218 x 35 cm (detail)\" data-rel=\"lightbox-gallery-1\" data-magnific_type=\"gallery\"><img loading=\"lazy\" decoding=\"async\" width=\"120\" height=\"120\" src=\"https:\/\/ute-wennrich.de\/wp-content\/uploads\/2015\/07\/15_Verflechtung-3-schwarz-braun_03-120x120.jpg\" class=\"attachment-thumbnail size-thumbnail\" alt=\"\" \/><\/a>\n\t\t\t<\/div><\/figure><figure class='gallery-item'>\n\t\t\t<div class='gallery-icon portrait'>\n\t\t\t\t<a href='https:\/\/ute-wennrich.de\/wp-content\/uploads\/2015\/07\/16_Verflechtung-3-schwarz-braun_05a.jpg' title=\"\" data-rl_title=\"\" class=\"rl-gallery-link\" data-rl_caption=\"Verflechtung 3 - schwarz-braun | 2013\/14 Paper on cardboard, ca. 218 x 35 cm (detail)\" data-rel=\"lightbox-gallery-1\" data-magnific_type=\"gallery\"><img loading=\"lazy\" decoding=\"async\" width=\"120\" height=\"120\" src=\"https:\/\/ute-wennrich.de\/wp-content\/uploads\/2015\/07\/16_Verflechtung-3-schwarz-braun_05a-120x120.jpg\" class=\"attachment-thumbnail size-thumbnail\" alt=\"\" \/><\/a>\n\t\t\t<\/div><\/figure>\n\t\t<\/div>\n\n&nbsp;\n&nbsp;<\/div><\/div><\/div><div id=\"pgc-327-0-2\"  class=\"panel-grid-cell\" ><div id=\"panel-327-0-2-0\" class=\"so-panel widget widget_black-studio-tinymce widget_black_studio_tinymce panel-first-child panel-last-child\" data-index=\"2\" ><div class=\"textwidget\"><h3>in memoriam (an die Mutter)<\/h3><p style=\"text-align: justify;\">Abbildungen 1 - 3<\/p><p style=\"text-align: justify;\">Die Arbeit besteht aus geschredderten Briefen und Schriftst\u00fccken der Krankenakte meiner Mutter in ihrem letzten Lebensjahr. Stellvertretend f\u00fcr jeden Monat ist ein Schriftst\u00fcck in eine T\u00fcte verpackt, auf wei\u00dfen Karton montiert und mit Datum versehen. Die letzte T\u00fcte, das 13. Schriftst\u00fcck, markiert ihren Todestag. Somit wird auch deutlich, dass in unserer Gesellschaft, das Dasein des Menschen \u2013 quasi von der Wiege bis zur Bahre \u2013 in Papierform dokumentiert sein muss, um als Person existent zu sein.<\/p><h3>LETHE \u2013 in memoriam<\/h3><p style=\"text-align: justify;\">Abbildungen 4 -\u00a08<\/p><p style=\"text-align: justify;\">Diese Arbeit besteht aus geschredderten Papierdokumenten der Krankenakte meiner Mutter und unbedrucktem Druckerpapier. Hier geht es um das Vergessen und Erinnern, um den Fluss des Lebens, der im gro\u00dfen Meer, dem Ganzen m\u00fcndet. Der Einzelne, der im Gro\u00dfen aufgeht. Lethe, ist in der griechischen Mythologie das Wasser des Vergessens, wer davon trinkt vergisst. Das \u201eFlussbett\u201c wird durch die nicht mehr lesbaren Lebensdaten markiert, in dem das Wasser der Lethe flie\u00dft und in einem Delta m\u00fcndet, bzw. versickert.<\/p><\/div><\/div><\/div><\/div><\/div>","protected":false},"excerpt":{"rendered":"<p>&nbsp; &nbsp; in memoriam (an die Mutter)Abbildungen 1 &#8211; 3Die Arbeit besteht aus geschredderten Briefen und Schriftst\u00fccken der Krankenakte meiner Mutter in ihrem letzten Lebensjahr. Stellvertretend f\u00fcr jeden Monat ist ein Schriftst\u00fcck in eine T\u00fcte verpackt, auf wei\u00dfen Karton montiert und mit Datum versehen. Die letzte T\u00fcte, das 13. Schriftst\u00fcck, markiert ihren Todestag. Somit wird <\/p>\n<p><a class=\"read-more shaped-btn shaped-btn-sm\" href=\"https:\/\/ute-wennrich.de\/en\/papier\/papierarbeiten\/\" itemprop=\"url\">Read More<\/a><\/p>\n","protected":false},"author":1,"featured_media":0,"parent":25,"menu_order":0,"comment_status":"closed","ping_status":"closed","template":"page-templates\/full-width.php","meta":{"footnotes":""},"class_list":["post-327","page","type-page","status-publish","hentry"],"_links":{"self":[{"href":"https:\/\/ute-wennrich.de\/en\/wp-json\/wp\/v2\/pages\/327","targetHints":{"allow":["GET"]}}],"collection":[{"href":"https:\/\/ute-wennrich.de\/en\/wp-json\/wp\/v2\/pages"}],"about":[{"href":"https:\/\/ute-wennrich.de\/en\/wp-json\/wp\/v2\/types\/page"}],"author":[{"embeddable":true,"href":"https:\/\/ute-wennrich.de\/en\/wp-json\/wp\/v2\/users\/1"}],"replies":[{"embeddable":true,"href":"https:\/\/ute-wennrich.de\/en\/wp-json\/wp\/v2\/comments?post=327"}],"version-history":[{"count":6,"href":"https:\/\/ute-wennrich.de\/en\/wp-json\/wp\/v2\/pages\/327\/revisions"}],"predecessor-version":[{"id":2249,"href":"https:\/\/ute-wennrich.de\/en\/wp-json\/wp\/v2\/pages\/327\/revisions\/2249"}],"up":[{"embeddable":true,"href":"https:\/\/ute-wennrich.de\/en\/wp-json\/wp\/v2\/pages\/25"}],"wp:attachment":[{"href":"https:\/\/ute-wennrich.de\/en\/wp-json\/wp\/v2\/media?parent=327"}],"curies":[{"name":"wp","href":"https:\/\/api.w.org\/{rel}","templated":true}]}}