{"id":3470,"date":"2026-02-11T18:43:08","date_gmt":"2026-02-11T17:43:08","guid":{"rendered":"https:\/\/ute-wennrich.de\/?page_id=3470"},"modified":"2026-02-11T18:43:08","modified_gmt":"2026-02-11T17:43:08","slug":"burgomenta04-2025","status":"publish","type":"page","link":"https:\/\/ute-wennrich.de\/en\/ausstellung\/burgomenta04-2025\/","title":{"rendered":"burgomenta04 &#8211; 2025"},"content":{"rendered":"<div id=\"pl-3470\"  class=\"panel-layout\" ><div id=\"pg-3470-0\"  class=\"panel-grid panel-no-style\" ><div id=\"pgc-3470-0-0\"  class=\"panel-grid-cell\" ><div id=\"panel-3470-0-0-0\" class=\"so-panel widget widget_nav_menu panel-first-child\" data-index=\"0\" ><h3 class=\"widget-title\">Exhibitions<\/h3><div class=\"menu-ausstellungen-i-container\"><ul id=\"menu-ausstellungen-i\" class=\"menu\"><li id=\"menu-item-3509\" class=\"menu-item menu-item-type-post_type menu-item-object-page menu-item-3509\"><a href=\"https:\/\/ute-wennrich.de\/en\/ausstellung\/contrapunkt-2025\/\">2025 &#8211; contra:punkt<\/a><\/li>\n<li id=\"menu-item-3508\" class=\"menu-item menu-item-type-post_type menu-item-object-page menu-item-3508\"><a href=\"https:\/\/ute-wennrich.de\/en\/ausstellung\/burgomenta04-2025\/\">2025 &#8211; burgomenta<\/a><\/li>\n<li id=\"menu-item-3251\" class=\"menu-item menu-item-type-post_type menu-item-object-page menu-item-3251\"><a href=\"https:\/\/ute-wennrich.de\/en\/ausstellung\/2024-leicht-fest\/\">2024 \u2013 LEICHT \u2013 FEST<\/a><\/li>\n<li id=\"menu-item-3304\" class=\"menu-item menu-item-type-post_type menu-item-object-page menu-item-3304\"><a href=\"https:\/\/ute-wennrich.de\/en\/ausstellung\/2024-unterwegs\/\">2024 \u2013 unterwegs<\/a><\/li>\n<li id=\"menu-item-3344\" class=\"menu-item menu-item-type-post_type menu-item-object-page menu-item-3344\"><a href=\"https:\/\/ute-wennrich.de\/en\/ausstellung\/2024-streiflichter-schattenriss\/\">2024 \u2013 STREIFLICHTER \u2013 SCHATTENRISS<\/a><\/li>\n<li id=\"menu-item-2880\" class=\"menu-item menu-item-type-post_type menu-item-object-page menu-item-2880\"><a href=\"https:\/\/ute-wennrich.de\/en\/ausstellung\/2022-stillstand-und-wandel\/\">2022 &#8211; Stillstand und Wandel<\/a><\/li>\n<li id=\"menu-item-2453\" class=\"menu-item menu-item-type-post_type menu-item-object-page menu-item-2453\"><a href=\"https:\/\/ute-wennrich.de\/en\/ausstellung\/2021-geometrie-des-zufalls\/\">2021 \u2013 Geometrie des Zufalls<\/a><\/li>\n<li id=\"menu-item-2363\" class=\"menu-item menu-item-type-post_type menu-item-object-page menu-item-2363\"><a href=\"https:\/\/ute-wennrich.de\/en\/ausstellung\/2020-unter-der-kuppel-des-windes\/\">2020 \u2013 Unter der Kuppel des Windes<\/a><\/li>\n<li id=\"menu-item-2337\" class=\"menu-item menu-item-type-post_type menu-item-object-page menu-item-2337\"><a href=\"https:\/\/ute-wennrich.de\/en\/2020-portrait-video\/\">2020 \u2013 Portrait-Video<\/a><\/li>\n<\/ul><\/div><\/div><div id=\"panel-3470-0-0-1\" class=\"so-panel widget widget_nav_menu panel-last-child\" data-index=\"1\" ><h3 class=\"widget-title\">Workshops<\/h3><div class=\"menu-workshops-container\"><ul id=\"menu-workshops\" class=\"menu\"><li id=\"menu-item-2862\" class=\"menu-item menu-item-type-post_type menu-item-object-page menu-item-2862\"><a href=\"https:\/\/ute-wennrich.de\/en\/ausstellung\/2022-muster-im-rausch\/\">2022 Muster im Rausch<\/a><\/li>\n<li id=\"menu-item-241\" class=\"menu-item menu-item-type-post_type menu-item-object-page menu-item-241\"><a href=\"https:\/\/ute-wennrich.de\/en\/ausstellung\/workshop-gersdorf-2015\/\">2015 Gersdorf<\/a><\/li>\n<li id=\"menu-item-242\" class=\"menu-item menu-item-type-post_type menu-item-object-page menu-item-242\"><a href=\"https:\/\/ute-wennrich.de\/en\/ausstellung\/workshop-werenzhain-2013\/\">2013 Werenzhain<\/a><\/li>\n<\/ul><\/div><\/div><\/div><div id=\"pgc-3470-0-1\"  class=\"panel-grid-cell\" ><div id=\"panel-3470-0-1-0\" class=\"so-panel widget widget_black-studio-tinymce widget_black_studio_tinymce panel-first-child panel-last-child\" data-index=\"2\" ><div class=\"textwidget\"><div id='gallery-1' class='gallery galleryid-3470 gallery-columns-4 gallery-size-thumbnail'><figure class='gallery-item'>\n\t\t\t<div class='gallery-icon landscape'>\n\t\t\t\t<a href='https:\/\/ute-wennrich.de\/wp-content\/uploads\/2026\/02\/burg_01_P6292617-b.jpg' title=\"\" data-rl_title=\"\" class=\"rl-gallery-link\" data-rl_caption=\"burgomenta - Fotos Ute Wennrich\" data-rel=\"lightbox-gallery-1\" data-magnific_type=\"gallery\"><img loading=\"lazy\" decoding=\"async\" width=\"120\" height=\"120\" src=\"https:\/\/ute-wennrich.de\/wp-content\/uploads\/2026\/02\/burg_01_P6292617-b-120x120.jpg\" class=\"attachment-thumbnail size-thumbnail\" alt=\"\" \/><\/a>\n\t\t\t<\/div><\/figure><figure class='gallery-item'>\n\t\t\t<div class='gallery-icon portrait'>\n\t\t\t\t<a href='https:\/\/ute-wennrich.de\/wp-content\/uploads\/2026\/02\/burg_02_P6292618-b.jpg' title=\"\" data-rl_title=\"\" class=\"rl-gallery-link\" data-rl_caption=\"\" data-rel=\"lightbox-gallery-1\" data-magnific_type=\"gallery\"><img loading=\"lazy\" decoding=\"async\" width=\"120\" height=\"120\" src=\"https:\/\/ute-wennrich.de\/wp-content\/uploads\/2026\/02\/burg_02_P6292618-b-120x120.jpg\" class=\"attachment-thumbnail size-thumbnail\" alt=\"\" \/><\/a>\n\t\t\t<\/div><\/figure><figure class='gallery-item'>\n\t\t\t<div class='gallery-icon portrait'>\n\t\t\t\t<a href='https:\/\/ute-wennrich.de\/wp-content\/uploads\/2026\/02\/burg_05_P6292621-b.jpg' title=\"\" data-rl_title=\"\" class=\"rl-gallery-link\" data-rl_caption=\"\" data-rel=\"lightbox-gallery-1\" data-magnific_type=\"gallery\"><img loading=\"lazy\" decoding=\"async\" width=\"120\" height=\"120\" src=\"https:\/\/ute-wennrich.de\/wp-content\/uploads\/2026\/02\/burg_05_P6292621-b-120x120.jpg\" class=\"attachment-thumbnail size-thumbnail\" alt=\"\" \/><\/a>\n\t\t\t<\/div><\/figure><figure class='gallery-item'>\n\t\t\t<div class='gallery-icon landscape'>\n\t\t\t\t<a href='https:\/\/ute-wennrich.de\/wp-content\/uploads\/2026\/02\/burg_06_P6292622-b.jpg' title=\"\" data-rl_title=\"\" class=\"rl-gallery-link\" data-rl_caption=\"\" data-rel=\"lightbox-gallery-1\" data-magnific_type=\"gallery\"><img loading=\"lazy\" decoding=\"async\" width=\"120\" height=\"120\" src=\"https:\/\/ute-wennrich.de\/wp-content\/uploads\/2026\/02\/burg_06_P6292622-b-120x120.jpg\" class=\"attachment-thumbnail size-thumbnail\" alt=\"\" \/><\/a>\n\t\t\t<\/div><\/figure><figure class='gallery-item'>\n\t\t\t<div class='gallery-icon portrait'>\n\t\t\t\t<a href='https:\/\/ute-wennrich.de\/wp-content\/uploads\/2026\/02\/burg_07_P6292623-b.jpg' title=\"\" data-rl_title=\"\" class=\"rl-gallery-link\" data-rl_caption=\"\" data-rel=\"lightbox-gallery-1\" data-magnific_type=\"gallery\"><img loading=\"lazy\" decoding=\"async\" width=\"120\" height=\"120\" src=\"https:\/\/ute-wennrich.de\/wp-content\/uploads\/2026\/02\/burg_07_P6292623-b-120x120.jpg\" class=\"attachment-thumbnail size-thumbnail\" alt=\"\" \/><\/a>\n\t\t\t<\/div><\/figure><figure class='gallery-item'>\n\t\t\t<div class='gallery-icon landscape'>\n\t\t\t\t<a href='https:\/\/ute-wennrich.de\/wp-content\/uploads\/2026\/02\/burg_10_P6292626-b.jpg' title=\"\" data-rl_title=\"\" class=\"rl-gallery-link\" data-rl_caption=\"\" data-rel=\"lightbox-gallery-1\" data-magnific_type=\"gallery\"><img loading=\"lazy\" decoding=\"async\" width=\"120\" height=\"120\" src=\"https:\/\/ute-wennrich.de\/wp-content\/uploads\/2026\/02\/burg_10_P6292626-b-120x120.jpg\" class=\"attachment-thumbnail size-thumbnail\" alt=\"\" \/><\/a>\n\t\t\t<\/div><\/figure><figure class='gallery-item'>\n\t\t\t<div class='gallery-icon landscape'>\n\t\t\t\t<a href='https:\/\/ute-wennrich.de\/wp-content\/uploads\/2026\/02\/Buerstentier-2_PC251931-b.jpg' title=\"\" data-rl_title=\"\" class=\"rl-gallery-link\" data-rl_caption=\"B\u00fcrstentier\" data-rel=\"lightbox-gallery-1\" data-magnific_type=\"gallery\"><img loading=\"lazy\" decoding=\"async\" width=\"120\" height=\"120\" src=\"https:\/\/ute-wennrich.de\/wp-content\/uploads\/2026\/02\/Buerstentier-2_PC251931-b-120x120.jpg\" class=\"attachment-thumbnail size-thumbnail\" alt=\"\" \/><\/a>\n\t\t\t<\/div><\/figure><figure class='gallery-item'>\n\t\t\t<div class='gallery-icon landscape'>\n\t\t\t\t<a href='https:\/\/ute-wennrich.de\/wp-content\/uploads\/2026\/02\/Donat-1-3-Draht_01-b.jpg' title=\"\" data-rl_title=\"\" class=\"rl-gallery-link\" data-rl_caption=\"Donut, Draht\" data-rel=\"lightbox-gallery-1\" data-magnific_type=\"gallery\"><img loading=\"lazy\" decoding=\"async\" width=\"120\" height=\"120\" src=\"https:\/\/ute-wennrich.de\/wp-content\/uploads\/2026\/02\/Donat-1-3-Draht_01-b-120x120.jpg\" class=\"attachment-thumbnail size-thumbnail\" alt=\"\" \/><\/a>\n\t\t\t<\/div><\/figure><figure class='gallery-item'>\n\t\t\t<div class='gallery-icon portrait'>\n\t\t\t\t<a href='https:\/\/ute-wennrich.de\/wp-content\/uploads\/2026\/02\/stachelig-1-01-b.jpg' title=\"\" data-rl_title=\"\" class=\"rl-gallery-link\" data-rl_caption=\"stachelig\" data-rel=\"lightbox-gallery-1\" data-magnific_type=\"gallery\"><img loading=\"lazy\" decoding=\"async\" width=\"120\" height=\"120\" src=\"https:\/\/ute-wennrich.de\/wp-content\/uploads\/2026\/02\/stachelig-1-01-b-120x120.jpg\" class=\"attachment-thumbnail size-thumbnail\" alt=\"\" \/><\/a>\n\t\t\t<\/div><\/figure><figure class='gallery-item'>\n\t\t\t<div class='gallery-icon portrait'>\n\t\t\t\t<a href='https:\/\/ute-wennrich.de\/wp-content\/uploads\/2026\/02\/stachelig-1-detail1-b.jpg' title=\"\" data-rl_title=\"\" class=\"rl-gallery-link\" data-rl_caption=\"stachelig, Detail\" data-rel=\"lightbox-gallery-1\" data-magnific_type=\"gallery\"><img loading=\"lazy\" decoding=\"async\" width=\"120\" height=\"120\" src=\"https:\/\/ute-wennrich.de\/wp-content\/uploads\/2026\/02\/stachelig-1-detail1-b-120x120.jpg\" class=\"attachment-thumbnail size-thumbnail\" alt=\"\" \/><\/a>\n\t\t\t<\/div><\/figure>\n\t\t<\/div>\n\n\n&nbsp;\n\n&nbsp;<\/div><\/div><\/div><div id=\"pgc-3470-0-2\"  class=\"panel-grid-cell\" ><div id=\"panel-3470-0-2-0\" class=\"so-panel widget widget_black-studio-tinymce widget_black_studio_tinymce panel-first-child panel-last-child\" data-index=\"3\" ><div class=\"textwidget\"><h3>burgomenta04<\/h3>\n<p>29. Juni \u2013 19. Oktober 2025<br \/>\nBurg zu Hagen im Bremischen <\/p>\n<p>\nDie Burg zu Hagen l\u00e4dt zur 4. burgomenta ein und wei\u00df zu \u00fcberraschen, zu begeistern, zum L\u00e4cheln und zum Schmunzeln zu bringen, zu irritieren und zum Nachdenken anzuregen. Die Organisator:innen haben eine spannungsreiche Mischung verschiedenster Genres und k\u00fcnstlerischer Ans\u00e4tze zusammengebracht und diesmal auch R\u00e4ume im Veranstaltungssaal und im Untergescho\u00df ge\u00f6ffnet, um der Vielzahl an Werken den entsprechenden Raum zu geben. So k\u00f6nnen Sie hier auf drei Ebenen sich der Begegnung mit zeitgen\u00f6ssischer Kunst widmen und sich der Betrachtung von Malerei auf Leinwand, Textilbildern, Holzarbeiten sowie Objekten aus Glasperlen und Papierinstallationen zuwenden. Drei K\u00fcnstlerinnen und drei K\u00fcnstler sind hier mit einem Ausschnitt aus ihrem jeweiligen Werk zu finden und so sind \u00fcber 100 Kunstwerke f\u00fcr die 4. burgomenta hier versammelt worden.<br \/>\nWas verbirgt sich hinter diesen Arbeiten, welche Intentionen verbinden die verschiedenen k\u00fcnstlerischen Ans\u00e4tze, welche Assoziationen wecken diese? Meine Gedanken zu diesen Fragen m\u00f6chte ich Ihnen erl\u00e4utern und werde Ihnen kurz und sicherlich nicht allumfassend einige der Werke dieser sechs K\u00fcnstler:innen vorstellen und so hoffentlich eine weitere Betrachtungsebene f\u00fcr Sie er\u00f6ffnen. ...<br \/>\n<div class=\"hide-this-part-wrap\"><div class=\"hide-this-part-more\" id=\"hide-this-part-0\" morelink-text=\"Weiterlesen\">Weiterlesen \u00bb<\/div><div class=\"hide-this-part\" status=\"invisible\"><br \/>\nDie Glasperlenobjekte von Ute Wennrich aus Berlin erinnern wiederum h\u00e4ufig an Pflanzen oder Einzeller und scheinen so auch ein Eigenleben zu f\u00fchren. Seit 2003 arbeitet die K\u00fcnstlerin mit diesem Material, welches durch Farbigkeit, Leuchtkraft und seine Feinteiligkeit besticht. Aus diesen kleinsten K\u00fcgelchen - den Rocailles - gestaltet sie Objekte, die r\u00e4umlich angeordnet sind und so ihre volle Wirkung erzielen. Sie erinnern an Korallenriffe, an Tiefseegesch\u00f6pfe oder einzellige Urwesen. Die Transparenz des Materials ist Ute Wennrich wichtig, es steht f\u00fcr sie f\u00fcr die Wahrnehmbarkeit des Inneren der Dinge. Obwohl es im Grunde abstrakte Objekte sind, erinnern uns die Formen doch an uns bekannte Gebilde aus der Natur und stellen gegenst\u00e4ndliche Verbindung her. Die k\u00fcnstlerische Umdeutung von nat\u00fcrlichen Ph\u00e4nomenen wird so in ihren Objekten wahrnehmbar. R\u00e4ume zu gestalten und r\u00e4umliche Strukturen zu offenbaren, liegen ihrer Arbeit zugrunde und so pr\u00e4sentiert sie auch in der Burg zu Hagen unter anderem eine Wandarbeit in Kombination mit einer Bodeninstallation, die einmal rote und einmal blaue Bl\u00fcten zum Thema machen. Aber Ute Wennrich bindet ihre Objekte auch an unsere Alltagwirklichkeit an. Sie sehen Lockenwickler, Drahtschw\u00e4mme und B\u00fcrsten zwischen oder inmitten der feinteiligen Perlen, die uns in eine schn\u00f6de Realit\u00e4t zur\u00fcckf\u00fchren. Dinge mit einem Vorleben oder allt\u00e4glichen Leben finden also auch bei ihr wie bei Angelika Achinger Eingang in das k\u00fcnstlerische Werk.<br \/>\nEtwas aus der Reihe zumindest in der aktuellen Pr\u00e4sentation fallen ihre Wandrelief 10-12 aus dem Jahr 2020. Hier montiert sie handgesch\u00f6pftes Papier mit in Blumenform arrangierten Glasperlen auf Leinw\u00e4nde. Aber diesmal nicht organisch, sondern linear angeordnet. Verweist dies auf eine tiefer liegende oder einfach nur eine andere technischere Ebene? Eine offene Frage.<br \/>\nAnne Beel, aus der Er\u00f6ffnungsrede am 29.6.2025<br \/>\n<\/div><!-- .hide-this-part --><\/div><!-- hide-this-part-wrap --><\/p>\n<\/div><\/div><\/div><\/div><\/div>","protected":false},"excerpt":{"rendered":"<p>&nbsp; &nbsp; burgomenta04 29. Juni \u2013 19. Oktober 2025 Burg zu Hagen im Bremischen Die Burg zu Hagen l\u00e4dt zur 4. burgomenta ein und wei\u00df zu \u00fcberraschen, zu begeistern, zum L\u00e4cheln und zum Schmunzeln zu bringen, zu irritieren und zum Nachdenken anzuregen. Die Organisator:innen haben eine spannungsreiche Mischung verschiedenster Genres und k\u00fcnstlerischer Ans\u00e4tze zusammengebracht und <\/p>\n<p><a class=\"read-more shaped-btn shaped-btn-sm\" href=\"https:\/\/ute-wennrich.de\/en\/ausstellung\/burgomenta04-2025\/\" itemprop=\"url\">Read More<\/a><\/p>\n","protected":false},"author":1,"featured_media":0,"parent":29,"menu_order":0,"comment_status":"closed","ping_status":"closed","template":"page-templates\/full-width.php","meta":{"footnotes":""},"class_list":["post-3470","page","type-page","status-publish","hentry"],"_links":{"self":[{"href":"https:\/\/ute-wennrich.de\/en\/wp-json\/wp\/v2\/pages\/3470","targetHints":{"allow":["GET"]}}],"collection":[{"href":"https:\/\/ute-wennrich.de\/en\/wp-json\/wp\/v2\/pages"}],"about":[{"href":"https:\/\/ute-wennrich.de\/en\/wp-json\/wp\/v2\/types\/page"}],"author":[{"embeddable":true,"href":"https:\/\/ute-wennrich.de\/en\/wp-json\/wp\/v2\/users\/1"}],"replies":[{"embeddable":true,"href":"https:\/\/ute-wennrich.de\/en\/wp-json\/wp\/v2\/comments?post=3470"}],"version-history":[{"count":2,"href":"https:\/\/ute-wennrich.de\/en\/wp-json\/wp\/v2\/pages\/3470\/revisions"}],"predecessor-version":[{"id":3483,"href":"https:\/\/ute-wennrich.de\/en\/wp-json\/wp\/v2\/pages\/3470\/revisions\/3483"}],"up":[{"embeddable":true,"href":"https:\/\/ute-wennrich.de\/en\/wp-json\/wp\/v2\/pages\/29"}],"wp:attachment":[{"href":"https:\/\/ute-wennrich.de\/en\/wp-json\/wp\/v2\/media?parent=3470"}],"curies":[{"name":"wp","href":"https:\/\/api.w.org\/{rel}","templated":true}]}}