{"id":3484,"date":"2026-02-11T18:42:26","date_gmt":"2026-02-11T17:42:26","guid":{"rendered":"https:\/\/ute-wennrich.de\/?page_id=3484"},"modified":"2026-02-11T18:42:33","modified_gmt":"2026-02-11T17:42:33","slug":"contrapunkt-2025","status":"publish","type":"page","link":"https:\/\/ute-wennrich.de\/en\/ausstellung\/contrapunkt-2025\/","title":{"rendered":"contra:punkt &#8211; 2025"},"content":{"rendered":"<div id=\"pl-3484\"  class=\"panel-layout\" ><div id=\"pg-3484-0\"  class=\"panel-grid panel-no-style\" ><div id=\"pgc-3484-0-0\"  class=\"panel-grid-cell\" ><div id=\"panel-3484-0-0-0\" class=\"so-panel widget widget_nav_menu panel-first-child\" data-index=\"0\" ><h3 class=\"widget-title\">Exhibitions<\/h3><div class=\"menu-ausstellungen-i-container\"><ul id=\"menu-ausstellungen-i\" class=\"menu\"><li id=\"menu-item-3509\" class=\"menu-item menu-item-type-post_type menu-item-object-page menu-item-3509\"><a href=\"https:\/\/ute-wennrich.de\/en\/ausstellung\/contrapunkt-2025\/\">2025 &#8211; contra:punkt<\/a><\/li>\n<li id=\"menu-item-3508\" class=\"menu-item menu-item-type-post_type menu-item-object-page menu-item-3508\"><a href=\"https:\/\/ute-wennrich.de\/en\/ausstellung\/burgomenta04-2025\/\">2025 &#8211; burgomenta<\/a><\/li>\n<li id=\"menu-item-3251\" class=\"menu-item menu-item-type-post_type menu-item-object-page menu-item-3251\"><a href=\"https:\/\/ute-wennrich.de\/en\/ausstellung\/2024-leicht-fest\/\">2024 \u2013 LEICHT \u2013 FEST<\/a><\/li>\n<li id=\"menu-item-3304\" class=\"menu-item menu-item-type-post_type menu-item-object-page menu-item-3304\"><a href=\"https:\/\/ute-wennrich.de\/en\/ausstellung\/2024-unterwegs\/\">2024 \u2013 unterwegs<\/a><\/li>\n<li id=\"menu-item-3344\" class=\"menu-item menu-item-type-post_type menu-item-object-page menu-item-3344\"><a href=\"https:\/\/ute-wennrich.de\/en\/ausstellung\/2024-streiflichter-schattenriss\/\">2024 \u2013 STREIFLICHTER \u2013 SCHATTENRISS<\/a><\/li>\n<li id=\"menu-item-2880\" class=\"menu-item menu-item-type-post_type menu-item-object-page menu-item-2880\"><a href=\"https:\/\/ute-wennrich.de\/en\/ausstellung\/2022-stillstand-und-wandel\/\">2022 &#8211; Stillstand und Wandel<\/a><\/li>\n<li id=\"menu-item-2453\" class=\"menu-item menu-item-type-post_type menu-item-object-page menu-item-2453\"><a href=\"https:\/\/ute-wennrich.de\/en\/ausstellung\/2021-geometrie-des-zufalls\/\">2021 \u2013 Geometrie des Zufalls<\/a><\/li>\n<li id=\"menu-item-2363\" class=\"menu-item menu-item-type-post_type menu-item-object-page menu-item-2363\"><a href=\"https:\/\/ute-wennrich.de\/en\/ausstellung\/2020-unter-der-kuppel-des-windes\/\">2020 \u2013 Unter der Kuppel des Windes<\/a><\/li>\n<li id=\"menu-item-2337\" class=\"menu-item menu-item-type-post_type menu-item-object-page menu-item-2337\"><a href=\"https:\/\/ute-wennrich.de\/en\/2020-portrait-video\/\">2020 \u2013 Portrait-Video<\/a><\/li>\n<\/ul><\/div><\/div><div id=\"panel-3484-0-0-1\" class=\"so-panel widget widget_nav_menu panel-last-child\" data-index=\"1\" ><h3 class=\"widget-title\">Workshops<\/h3><div class=\"menu-workshops-container\"><ul id=\"menu-workshops\" class=\"menu\"><li id=\"menu-item-2862\" class=\"menu-item menu-item-type-post_type menu-item-object-page menu-item-2862\"><a href=\"https:\/\/ute-wennrich.de\/en\/ausstellung\/2022-muster-im-rausch\/\">2022 Muster im Rausch<\/a><\/li>\n<li id=\"menu-item-241\" class=\"menu-item menu-item-type-post_type menu-item-object-page menu-item-241\"><a href=\"https:\/\/ute-wennrich.de\/en\/ausstellung\/workshop-gersdorf-2015\/\">2015 Gersdorf<\/a><\/li>\n<li id=\"menu-item-242\" class=\"menu-item menu-item-type-post_type menu-item-object-page menu-item-242\"><a href=\"https:\/\/ute-wennrich.de\/en\/ausstellung\/workshop-werenzhain-2013\/\">2013 Werenzhain<\/a><\/li>\n<\/ul><\/div><\/div><\/div><div id=\"pgc-3484-0-1\"  class=\"panel-grid-cell\" ><div id=\"panel-3484-0-1-0\" class=\"so-panel widget widget_black-studio-tinymce widget_black_studio_tinymce panel-first-child panel-last-child\" data-index=\"2\" ><div class=\"textwidget\"><div id='gallery-1' class='gallery galleryid-3484 gallery-columns-4 gallery-size-thumbnail'><figure class='gallery-item'>\n\t\t\t<div class='gallery-icon landscape'>\n\t\t\t\t<a href='https:\/\/ute-wennrich.de\/wp-content\/uploads\/2026\/02\/20250308_170206-b.jpg' title=\"\" data-rl_title=\"\" class=\"rl-gallery-link\" data-rl_caption=\"Foto B. Kr\u00fcger\" data-rel=\"lightbox-gallery-1\" data-magnific_type=\"gallery\"><img loading=\"lazy\" decoding=\"async\" width=\"120\" height=\"120\" src=\"https:\/\/ute-wennrich.de\/wp-content\/uploads\/2026\/02\/20250308_170206-b-120x120.jpg\" class=\"attachment-thumbnail size-thumbnail\" alt=\"\" \/><\/a>\n\t\t\t<\/div><\/figure><figure class='gallery-item'>\n\t\t\t<div class='gallery-icon landscape'>\n\t\t\t\t<a href='https:\/\/ute-wennrich.de\/wp-content\/uploads\/2026\/02\/20250308_165241-b.jpg' title=\"\" data-rl_title=\"\" class=\"rl-gallery-link\" data-rl_caption=\"Foto B. Kr\u00fcger\" data-rel=\"lightbox-gallery-1\" data-magnific_type=\"gallery\"><img loading=\"lazy\" decoding=\"async\" width=\"120\" height=\"120\" src=\"https:\/\/ute-wennrich.de\/wp-content\/uploads\/2026\/02\/20250308_165241-b-120x120.jpg\" class=\"attachment-thumbnail size-thumbnail\" alt=\"\" \/><\/a>\n\t\t\t<\/div><\/figure><figure class='gallery-item'>\n\t\t\t<div class='gallery-icon landscape'>\n\t\t\t\t<a href='https:\/\/ute-wennrich.de\/wp-content\/uploads\/2026\/02\/20250308_170236-b.jpg' title=\"\" data-rl_title=\"\" class=\"rl-gallery-link\" data-rl_caption=\"Foto B. Kr\u00fcger\" data-rel=\"lightbox-gallery-1\" data-magnific_type=\"gallery\"><img loading=\"lazy\" decoding=\"async\" width=\"120\" height=\"120\" src=\"https:\/\/ute-wennrich.de\/wp-content\/uploads\/2026\/02\/20250308_170236-b-120x120.jpg\" class=\"attachment-thumbnail size-thumbnail\" alt=\"\" \/><\/a>\n\t\t\t<\/div><\/figure><figure class='gallery-item'>\n\t\t\t<div class='gallery-icon landscape'>\n\t\t\t\t<a href='https:\/\/ute-wennrich.de\/wp-content\/uploads\/2026\/02\/20250308_165554-b.jpg' title=\"\" data-rl_title=\"\" class=\"rl-gallery-link\" data-rl_caption=\"Foto B. Kr\u00fcger\" data-rel=\"lightbox-gallery-1\" data-magnific_type=\"gallery\"><img loading=\"lazy\" decoding=\"async\" width=\"120\" height=\"120\" src=\"https:\/\/ute-wennrich.de\/wp-content\/uploads\/2026\/02\/20250308_165554-b-120x120.jpg\" class=\"attachment-thumbnail size-thumbnail\" alt=\"\" \/><\/a>\n\t\t\t<\/div><\/figure><figure class='gallery-item'>\n\t\t\t<div class='gallery-icon landscape'>\n\t\t\t\t<a href='https:\/\/ute-wennrich.de\/wp-content\/uploads\/2026\/02\/IMG_8161-b.jpg' title=\"\" data-rl_title=\"\" class=\"rl-gallery-link\" data-rl_caption=\"Foto A. Kycia\" data-rel=\"lightbox-gallery-1\" data-magnific_type=\"gallery\"><img loading=\"lazy\" decoding=\"async\" width=\"120\" height=\"120\" src=\"https:\/\/ute-wennrich.de\/wp-content\/uploads\/2026\/02\/IMG_8161-b-120x120.jpg\" class=\"attachment-thumbnail size-thumbnail\" alt=\"\" \/><\/a>\n\t\t\t<\/div><\/figure><figure class='gallery-item'>\n\t\t\t<div class='gallery-icon landscape'>\n\t\t\t\t<a href='https:\/\/ute-wennrich.de\/wp-content\/uploads\/2026\/02\/IMG_8267-b.jpg' title=\"\" data-rl_title=\"\" class=\"rl-gallery-link\" data-rl_caption=\"Foto A. Kycia\" data-rel=\"lightbox-gallery-1\" data-magnific_type=\"gallery\"><img loading=\"lazy\" decoding=\"async\" width=\"120\" height=\"120\" src=\"https:\/\/ute-wennrich.de\/wp-content\/uploads\/2026\/02\/IMG_8267-b-120x120.jpg\" class=\"attachment-thumbnail size-thumbnail\" alt=\"\" \/><\/a>\n\t\t\t<\/div><\/figure><figure class='gallery-item'>\n\t\t\t<div class='gallery-icon landscape'>\n\t\t\t\t<a href='https:\/\/ute-wennrich.de\/wp-content\/uploads\/2026\/02\/IMG_8219-b.jpg' title=\"\" data-rl_title=\"\" class=\"rl-gallery-link\" data-rl_caption=\"Foto A. Kycia\" data-rel=\"lightbox-gallery-1\" data-magnific_type=\"gallery\"><img loading=\"lazy\" decoding=\"async\" width=\"120\" height=\"120\" src=\"https:\/\/ute-wennrich.de\/wp-content\/uploads\/2026\/02\/IMG_8219-b-120x120.jpg\" class=\"attachment-thumbnail size-thumbnail\" alt=\"\" \/><\/a>\n\t\t\t<\/div><\/figure><figure class='gallery-item'>\n\t\t\t<div class='gallery-icon landscape'>\n\t\t\t\t<a href='https:\/\/ute-wennrich.de\/wp-content\/uploads\/2026\/02\/IMG_8179-b.jpg' title=\"\" data-rl_title=\"\" class=\"rl-gallery-link\" data-rl_caption=\"Foto A. Kycia\" data-rel=\"lightbox-gallery-1\" data-magnific_type=\"gallery\"><img loading=\"lazy\" decoding=\"async\" width=\"120\" height=\"120\" src=\"https:\/\/ute-wennrich.de\/wp-content\/uploads\/2026\/02\/IMG_8179-b-120x120.jpg\" class=\"attachment-thumbnail size-thumbnail\" alt=\"\" \/><\/a>\n\t\t\t<\/div><\/figure><figure class='gallery-item'>\n\t\t\t<div class='gallery-icon landscape'>\n\t\t\t\t<a href='https:\/\/ute-wennrich.de\/wp-content\/uploads\/2026\/02\/P3152336-b.jpg' title=\"\" data-rl_title=\"\" class=\"rl-gallery-link\" data-rl_caption=\"Foto U. Wennrich\" data-rel=\"lightbox-gallery-1\" data-magnific_type=\"gallery\"><img loading=\"lazy\" decoding=\"async\" width=\"120\" height=\"120\" src=\"https:\/\/ute-wennrich.de\/wp-content\/uploads\/2026\/02\/P3152336-b-120x120.jpg\" class=\"attachment-thumbnail size-thumbnail\" alt=\"\" \/><\/a>\n\t\t\t<\/div><\/figure><figure class='gallery-item'>\n\t\t\t<div class='gallery-icon landscape'>\n\t\t\t\t<a href='https:\/\/ute-wennrich.de\/wp-content\/uploads\/2026\/02\/Objekt-5_schwarz_P3152344-c.jpg' title=\"\" data-rl_title=\"\" class=\"rl-gallery-link\" data-rl_caption=\"Foto U. Wennrich\" data-rel=\"lightbox-gallery-1\" data-magnific_type=\"gallery\"><img loading=\"lazy\" decoding=\"async\" width=\"120\" height=\"120\" src=\"https:\/\/ute-wennrich.de\/wp-content\/uploads\/2026\/02\/Objekt-5_schwarz_P3152344-c-120x120.jpg\" class=\"attachment-thumbnail size-thumbnail\" alt=\"\" \/><\/a>\n\t\t\t<\/div><\/figure><figure class='gallery-item'>\n\t\t\t<div class='gallery-icon landscape'>\n\t\t\t\t<a href='https:\/\/ute-wennrich.de\/wp-content\/uploads\/2026\/02\/baumsilhoutten_P3152356-b.jpg' title=\"\" data-rl_title=\"\" class=\"rl-gallery-link\" data-rl_caption=\"Foto U. Wennrich\" data-rel=\"lightbox-gallery-1\" data-magnific_type=\"gallery\"><img loading=\"lazy\" decoding=\"async\" width=\"120\" height=\"120\" src=\"https:\/\/ute-wennrich.de\/wp-content\/uploads\/2026\/02\/baumsilhoutten_P3152356-b-120x120.jpg\" class=\"attachment-thumbnail size-thumbnail\" alt=\"\" srcset=\"https:\/\/ute-wennrich.de\/wp-content\/uploads\/2026\/02\/baumsilhoutten_P3152356-b-120x120.jpg 120w, https:\/\/ute-wennrich.de\/wp-content\/uploads\/2026\/02\/baumsilhoutten_P3152356-b-300x300.jpg 300w, https:\/\/ute-wennrich.de\/wp-content\/uploads\/2026\/02\/baumsilhoutten_P3152356-b-550x550.jpg 550w, https:\/\/ute-wennrich.de\/wp-content\/uploads\/2026\/02\/baumsilhoutten_P3152356-b-768x768.jpg 768w, https:\/\/ute-wennrich.de\/wp-content\/uploads\/2026\/02\/baumsilhoutten_P3152356-b.jpg 1000w\" sizes=\"auto, (max-width: 120px) 100vw, 120px\" \/><\/a>\n\t\t\t<\/div><\/figure><figure class='gallery-item'>\n\t\t\t<div class='gallery-icon portrait'>\n\t\t\t\t<a href='https:\/\/ute-wennrich.de\/wp-content\/uploads\/2026\/02\/Kabinett_P3152349-b.jpg' title=\"\" data-rl_title=\"\" class=\"rl-gallery-link\" data-rl_caption=\"Foto U. Wennrich\" data-rel=\"lightbox-gallery-1\" data-magnific_type=\"gallery\"><img loading=\"lazy\" decoding=\"async\" width=\"120\" height=\"120\" src=\"https:\/\/ute-wennrich.de\/wp-content\/uploads\/2026\/02\/Kabinett_P3152349-b-120x120.jpg\" class=\"attachment-thumbnail size-thumbnail\" alt=\"\" \/><\/a>\n\t\t\t<\/div><\/figure><figure class='gallery-item'>\n\t\t\t<div class='gallery-icon portrait'>\n\t\t\t\t<a href='https:\/\/ute-wennrich.de\/wp-content\/uploads\/2026\/02\/20250308_165323-b.jpg' title=\"\" data-rl_title=\"\" class=\"rl-gallery-link\" data-rl_caption=\"Foto B. Kr\u00fcger\" data-rel=\"lightbox-gallery-1\" data-magnific_type=\"gallery\"><img loading=\"lazy\" decoding=\"async\" width=\"120\" height=\"120\" src=\"https:\/\/ute-wennrich.de\/wp-content\/uploads\/2026\/02\/20250308_165323-b-120x120.jpg\" class=\"attachment-thumbnail size-thumbnail\" alt=\"\" \/><\/a>\n\t\t\t<\/div><\/figure><figure class='gallery-item'>\n\t\t\t<div class='gallery-icon landscape'>\n\t\t\t\t<a href='https:\/\/ute-wennrich.de\/wp-content\/uploads\/2026\/02\/P3152334-b.jpg' title=\"\" data-rl_title=\"\" class=\"rl-gallery-link\" data-rl_caption=\"Foto U. Wennrich\" data-rel=\"lightbox-gallery-1\" data-magnific_type=\"gallery\"><img loading=\"lazy\" decoding=\"async\" width=\"120\" height=\"120\" src=\"https:\/\/ute-wennrich.de\/wp-content\/uploads\/2026\/02\/P3152334-b-120x120.jpg\" class=\"attachment-thumbnail size-thumbnail\" alt=\"\" \/><\/a>\n\t\t\t<\/div><\/figure><figure class='gallery-item'>\n\t\t\t<div class='gallery-icon landscape'>\n\t\t\t\t<a href='https:\/\/ute-wennrich.de\/wp-content\/uploads\/2026\/02\/ZeichenII_Fenster_P3152342-b.jpg' title=\"\" data-rl_title=\"\" class=\"rl-gallery-link\" data-rl_caption=\"Foto U. Wennrich\" data-rel=\"lightbox-gallery-1\" data-magnific_type=\"gallery\"><img loading=\"lazy\" decoding=\"async\" width=\"120\" height=\"120\" src=\"https:\/\/ute-wennrich.de\/wp-content\/uploads\/2026\/02\/ZeichenII_Fenster_P3152342-b-120x120.jpg\" class=\"attachment-thumbnail size-thumbnail\" alt=\"\" \/><\/a>\n\t\t\t<\/div><\/figure><figure class='gallery-item'>\n\t\t\t<div class='gallery-icon landscape'>\n\t\t\t\t<a href='https:\/\/ute-wennrich.de\/wp-content\/uploads\/2026\/02\/20250308_170224-b.jpg' title=\"\" data-rl_title=\"\" class=\"rl-gallery-link\" data-rl_caption=\"Foto B. Kr\u00fcger\" data-rel=\"lightbox-gallery-1\" data-magnific_type=\"gallery\"><img loading=\"lazy\" decoding=\"async\" width=\"120\" height=\"120\" src=\"https:\/\/ute-wennrich.de\/wp-content\/uploads\/2026\/02\/20250308_170224-b-120x120.jpg\" class=\"attachment-thumbnail size-thumbnail\" alt=\"\" \/><\/a>\n\t\t\t<\/div><\/figure>\n\t\t<\/div>\n\n\n&nbsp;\n\n&nbsp;<\/div><\/div><\/div><div id=\"pgc-3484-0-2\"  class=\"panel-grid-cell\" ><div id=\"panel-3484-0-2-0\" class=\"so-panel widget widget_black-studio-tinymce widget_black_studio_tinymce panel-first-child panel-last-child\" data-index=\"3\" ><div class=\"textwidget\"><h3>contra:punkt<\/h3>\n<p>2025<br \/>\nGalerie Froschke, Berlin<br \/>\nUte Wennrich \/ Agata Kycia <\/p>\n<p>\nKontrapunkt ist eine Bezeichnung aus der Musik und meint die F\u00fchrung mehrerer selbst\u00e4ndiger Stimmen in einem Tonsatz.<br \/>\nDer Titel contra:punkt unserer gemeinsamen Ausstellung zeigt genau dieses: zwei k\u00fcnstlerische Positionen treffen sich, zwei eigenst\u00e4ndige Stimmen, die aber im Zusammenwirken viele \u00c4hnlichkeiten haben.<br \/>\nDie Arbeiten, die hier zu sehen sind, sind in ihrer Materialit\u00e4t und Stofflichkeit zwar sehr unterschiedlich aber im formalen Duktus auch wieder \u00e4hnlich.<br \/>\nSo verwendet Ute Wennrich vorwiegend winzige Glasperlen, sog. Rocailles und gestaltet damit Objekte oder Stickereien auf Leinw\u00e4nden, w\u00e4hrend Agata Kycia sich schwerpunktm\u00e4\u00dfig mit mehrfarbigen Siebdrucken auf farbigem Papier hier pr\u00e4sentiert.<br \/>\nBei ihren Siebdrucken kommt mir sofort Victor Vasarely in den Sinn, der im Stil Trompe \u2013 l\u2019\u0153il (t\u00e4usche das Auge) grafische Muster und Illusionen des Raumes schuf. Diese T\u00e4uschung des Auges k\u00f6nnen verschiedene visuellen Wahrnehmungen betreffen, so beispielsweise Bewegungs- oder Farbillusionen, um nur zwei zu nennen.<br \/>\nNeben den kinetischen Effekten geh\u00f6rt im \u0152vre Vasarelys das Quadrat mit zu den Grundformen, die mit Kreis, Elipse, Rechteck, Raute und Dreieck kombiniert werden.<br \/>\n<div class=\"hide-this-part-wrap\"><div class=\"hide-this-part-more\" id=\"hide-this-part-0\" morelink-text=\"Weiterlesen\">Weiterlesen \u00bb<\/div><div class=\"hide-this-part\" status=\"invisible\"><br \/>\nAuch in ihrer Werkgruppe der hier gezeigten Siebdrucke arbeitet Agata Kycia mit den Ph\u00e4nomenen der optischen T\u00e4uschung. Dabei spielen geometrische Formen eine wichtige Rolle. Bei Agata Kycia kommt jedoch eine weitere Komponente in ihren Arbeiten zum Tragen: die Beziehung zwischen digitalen Technologien und der klassischen Handarbeit. Ganz besonders deutlich wird das in ihrer Stickarbeit, hier in der Nische zu sehen. Dabei verbindet sich die Stickerei ihrer Hand mit der Vorlage der exakten digitalen Technologie. Lassen wir uns von den dabei entstehenden Effekten \u00fcberraschen.<br \/>\nIn Ute Wennrichs \u0152vre der letzten Jahre sind winzige Glasperlen, sog. Rocailles das wesentliche Material, aus dem Objekte, Reliefs und Installationen entstehen. Glas kommt aus der Erde und spiegelt ihre Entstehungsgeschichte wider. Die verwendeten Rocailles sind ein Produkt der Fertigung in Manufakturen oder Glash\u00fctten, bei der u. a. Lasertechnik eingesetzt wird. Ich verarbeite sie h\u00e4ndisch zu Objekten und greife dabei auf alte Kulturtechniken aus aller Welt zur\u00fcck, die ich entsprechend inhaltlicher und k\u00fcnstlerischer Aussage des Werks nutze.<\/p>\n<p>Das Musikalische, das Contra:punktische in unserer Ausstellung zeigt sich im Rhythmischen, im T\u00e4nzerischen, im Wechsel von Hell und Dunkel, im Spiel von Schwarz und Farbe. Die Bewegung, die in den einzelnen Arbeiten zum Ausdruck kommt, setzt sich als Rhythmus im Raum fort.<br \/>\nBeide K\u00fcnstlerinnen zeigen hier auch gro\u00dfformatige Zeichnungen, in denen Rhythmus von Hell \u2013 Dunkel und die Bewegung eine zentrale Rolle spielen. So sagt Ute Wennrich zur Entstehung der hier gezeigten Zeichnungen aus der Serie Tanz des Schattens \u201cDer Stift h\u00fcpft und t\u00e4nzelt \u00fcber das Papier, hinterl\u00e4sst mit jedem Punkt einen feinen Tropfen Tusche auf seiner Spur. Wie im Tanz bewegt er sich in kleinen H\u00fcpfern und gro\u00dfen Spr\u00fcngen dahin und in seinem Takt ballen sich die ungez\u00e4hlten Punkte zu weiten oder dichten Fl\u00e4chen zusammen.\u201c<br \/>\nIm Mikrokosmos des Punktes liegt eine ganze Welt und mit dessen Reihung und \u00dcberlagerungen entstehen Fl\u00e4chen in verschiedenen Graut\u00f6nen, die eine malerische und zugleich transparente Anmutung haben.<br \/>\nKommen wir zum Ausstellungstitel zur\u00fcck:<br \/>\ncontra:punkt   contra = Gegen, gegenl\u00e4ufig, aber auf den Punkt gebracht? Verbinden sich hier scheinbare Widerspr\u00fcche?<br \/>\nIch hoffe, in unserer Ausstellung k\u00f6nnen wir an vielen kleinen Details zeigen, dass sich Widerspr\u00fcche sehr harmonisch verbinden k\u00f6nnen.  So beispielsweise zwischen den Rocailles, den winzigen Glask\u00fcgelchen, und dem Pointilismus der Zeichnungen, der den Punkt feiert.  Oder: das Flirren, das von den Serigrafien ausgeht, das vielleicht eine Entsprechung in der leuchtenden Transparenz des Glases findet.<br \/>\n<\/div><!-- .hide-this-part --><\/div><!-- hide-this-part-wrap --><\/p>\n<\/div><\/div><\/div><\/div><\/div>","protected":false},"excerpt":{"rendered":"<p>&nbsp; &nbsp; contra:punkt 2025 Galerie Froschke, Berlin Ute Wennrich \/ Agata Kycia Kontrapunkt ist eine Bezeichnung aus der Musik und meint die F\u00fchrung mehrerer selbst\u00e4ndiger Stimmen in einem Tonsatz. Der Titel contra:punkt unserer gemeinsamen Ausstellung zeigt genau dieses: zwei k\u00fcnstlerische Positionen treffen sich, zwei eigenst\u00e4ndige Stimmen, die aber im Zusammenwirken viele \u00c4hnlichkeiten haben. Die Arbeiten, <\/p>\n<p><a class=\"read-more shaped-btn shaped-btn-sm\" href=\"https:\/\/ute-wennrich.de\/en\/ausstellung\/contrapunkt-2025\/\" itemprop=\"url\">Read More<\/a><\/p>\n","protected":false},"author":1,"featured_media":0,"parent":29,"menu_order":0,"comment_status":"closed","ping_status":"closed","template":"page-templates\/full-width.php","meta":{"footnotes":""},"class_list":["post-3484","page","type-page","status-publish","hentry"],"_links":{"self":[{"href":"https:\/\/ute-wennrich.de\/en\/wp-json\/wp\/v2\/pages\/3484","targetHints":{"allow":["GET"]}}],"collection":[{"href":"https:\/\/ute-wennrich.de\/en\/wp-json\/wp\/v2\/pages"}],"about":[{"href":"https:\/\/ute-wennrich.de\/en\/wp-json\/wp\/v2\/types\/page"}],"author":[{"embeddable":true,"href":"https:\/\/ute-wennrich.de\/en\/wp-json\/wp\/v2\/users\/1"}],"replies":[{"embeddable":true,"href":"https:\/\/ute-wennrich.de\/en\/wp-json\/wp\/v2\/comments?post=3484"}],"version-history":[{"count":4,"href":"https:\/\/ute-wennrich.de\/en\/wp-json\/wp\/v2\/pages\/3484\/revisions"}],"predecessor-version":[{"id":3505,"href":"https:\/\/ute-wennrich.de\/en\/wp-json\/wp\/v2\/pages\/3484\/revisions\/3505"}],"up":[{"embeddable":true,"href":"https:\/\/ute-wennrich.de\/en\/wp-json\/wp\/v2\/pages\/29"}],"wp:attachment":[{"href":"https:\/\/ute-wennrich.de\/en\/wp-json\/wp\/v2\/media?parent=3484"}],"curies":[{"name":"wp","href":"https:\/\/api.w.org\/{rel}","templated":true}]}}