{"id":3543,"date":"2026-03-10T12:05:42","date_gmt":"2026-03-10T11:05:42","guid":{"rendered":"https:\/\/ute-wennrich.de\/?page_id=3543"},"modified":"2026-03-10T12:05:42","modified_gmt":"2026-03-10T11:05:42","slug":"glasobjekte-xxi","status":"publish","type":"page","link":"https:\/\/ute-wennrich.de\/en\/objekte\/glasobjekte-xxi\/","title":{"rendered":"Glasobjekte XXI"},"content":{"rendered":"<div id=\"pl-3543\"  class=\"panel-layout\" ><div id=\"pg-3543-0\"  class=\"panel-grid panel-no-style\" ><div id=\"pgc-3543-0-0\"  class=\"panel-grid-cell\" ><div id=\"panel-3543-0-0-0\" class=\"so-panel widget widget_nav_menu panel-first-child panel-last-child\" data-index=\"0\" ><h3 class=\"widget-title\">Glass Objects<\/h3><div class=\"menu-glasobjekte-ii-container\"><ul id=\"menu-glasobjekte-ii\" class=\"menu\"><li id=\"menu-item-3517\" class=\"menu-item menu-item-type-post_type menu-item-object-page menu-item-3517\"><a href=\"https:\/\/ute-wennrich.de\/en\/objekte\/glasobjekte-xiii\/\">Glass Objects XIII<\/a><\/li>\n<li id=\"menu-item-3518\" class=\"menu-item menu-item-type-post_type menu-item-object-page menu-item-3518\"><a href=\"https:\/\/ute-wennrich.de\/en\/objekte\/glasobjekte-xiv\/\">Glass Objects XIV<\/a><\/li>\n<li id=\"menu-item-3519\" class=\"menu-item menu-item-type-post_type menu-item-object-page menu-item-3519\"><a href=\"https:\/\/ute-wennrich.de\/en\/objekte\/glasobjekte-xv\/\">Glass Objects XV<\/a><\/li>\n<li id=\"menu-item-3521\" class=\"menu-item menu-item-type-post_type menu-item-object-page menu-item-3521\"><a href=\"https:\/\/ute-wennrich.de\/en\/objekte\/glasobjekte-xvi\/\">Glass Objects XVI<\/a><\/li>\n<li id=\"menu-item-3522\" class=\"menu-item menu-item-type-post_type menu-item-object-page menu-item-3522\"><a href=\"https:\/\/ute-wennrich.de\/en\/objekte\/glasobjekte-xvii\/\">Glass Objects XVII<\/a><\/li>\n<li id=\"menu-item-3523\" class=\"menu-item menu-item-type-post_type menu-item-object-page menu-item-3523\"><a href=\"https:\/\/ute-wennrich.de\/en\/objekte\/glasobjekte-xviii\/\">Glass Objects XVIII<\/a><\/li>\n<li id=\"menu-item-3520\" class=\"menu-item menu-item-type-post_type menu-item-object-page menu-item-3520\"><a href=\"https:\/\/ute-wennrich.de\/en\/objekte\/glasobjekte-xix\/\">Glass Objects XIX<\/a><\/li>\n<li id=\"menu-item-3524\" class=\"menu-item menu-item-type-post_type menu-item-object-page menu-item-3524\"><a href=\"https:\/\/ute-wennrich.de\/en\/objekte\/glasobjekte-xx\/\">Glass Objects XX<\/a><\/li>\n<li id=\"menu-item-3618\" class=\"menu-item menu-item-type-post_type menu-item-object-page menu-item-3618\"><a href=\"https:\/\/ute-wennrich.de\/en\/objekte\/glasobjekte-xxi\/\">Glass Objects XXI<\/a><\/li>\n<li id=\"menu-item-3617\" class=\"menu-item menu-item-type-post_type menu-item-object-page menu-item-3617\"><a href=\"https:\/\/ute-wennrich.de\/en\/objekte\/glasobjekte-xxii\/\">Glass Objects XXII<\/a><\/li>\n<li id=\"menu-item-3616\" class=\"menu-item menu-item-type-post_type menu-item-object-page menu-item-3616\"><a href=\"https:\/\/ute-wennrich.de\/en\/objekte\/glasobjekte-xxiii\/\">Glass Objects XXIII<\/a><\/li>\n<li id=\"menu-item-3615\" class=\"menu-item menu-item-type-post_type menu-item-object-page menu-item-3615\"><a href=\"https:\/\/ute-wennrich.de\/en\/objekte\/glasobjekte-xxiv\/\">Glass Objects XXIV<\/a><\/li>\n<li id=\"menu-item-3614\" class=\"menu-item menu-item-type-post_type menu-item-object-page menu-item-3614\"><a href=\"https:\/\/ute-wennrich.de\/en\/objekte\/glasobjekte-xxv\/\">Glass Objects XXV<\/a><\/li>\n<li id=\"menu-item-3525\" class=\"menu-item menu-item-type-post_type menu-item-object-page menu-item-3525\"><a href=\"https:\/\/ute-wennrich.de\/en\/objekte\/fahnenobjekt\/\">Flagg Objects<\/a><\/li>\n<li id=\"menu-item-3526\" class=\"menu-item menu-item-type-post_type menu-item-object-page menu-item-3526\"><a href=\"https:\/\/ute-wennrich.de\/en\/objekte\/waechter-meiner-ichs\/\">Guardians of my Egos<\/a><\/li>\n<\/ul><\/div><\/div><\/div><div id=\"pgc-3543-0-1\"  class=\"panel-grid-cell\" ><div id=\"panel-3543-0-1-0\" class=\"so-panel widget widget_black-studio-tinymce widget_black_studio_tinymce panel-first-child panel-last-child\" data-index=\"1\" ><div class=\"textwidget\">&nbsp;\n\n&nbsp;\n\n<div id='gallery-1' class='gallery galleryid-3543 gallery-columns-4 gallery-size-thumbnail'><figure class='gallery-item'>\n\t\t\t<div class='gallery-icon landscape'>\n\t\t\t\t<a href='https:\/\/ute-wennrich.de\/wp-content\/uploads\/2026\/03\/leuchtend-gruen-02_P5022448-b.jpg' title=\"\" data-rl_title=\"\" class=\"rl-gallery-link\" data-rl_caption=\"Leuchtend Gr\u00fcn \u2013 2019 \u2013 2025 | ca. 60 x 35 cm, h ca. 15 cm | Gr\u00f6\u00dfe variabel | Mischtechnik, Draht, Glasperlen\" data-rel=\"lightbox-gallery-1\" data-magnific_type=\"gallery\"><img loading=\"lazy\" decoding=\"async\" width=\"120\" height=\"120\" src=\"https:\/\/ute-wennrich.de\/wp-content\/uploads\/2026\/03\/leuchtend-gruen-02_P5022448-b-120x120.jpg\" class=\"attachment-thumbnail size-thumbnail\" alt=\"\" \/><\/a>\n\t\t\t<\/div><\/figure><figure class='gallery-item'>\n\t\t\t<div class='gallery-icon landscape'>\n\t\t\t\t<a href='https:\/\/ute-wennrich.de\/wp-content\/uploads\/2026\/03\/leuchtend-gruen-04_P5022450-b.jpg' title=\"\" data-rl_title=\"\" class=\"rl-gallery-link\" data-rl_caption=\"Leuchtend Gr\u00fcn\" data-rel=\"lightbox-gallery-1\" data-magnific_type=\"gallery\"><img loading=\"lazy\" decoding=\"async\" width=\"120\" height=\"120\" src=\"https:\/\/ute-wennrich.de\/wp-content\/uploads\/2026\/03\/leuchtend-gruen-04_P5022450-b-120x120.jpg\" class=\"attachment-thumbnail size-thumbnail\" alt=\"\" \/><\/a>\n\t\t\t<\/div><\/figure><figure class='gallery-item'>\n\t\t\t<div class='gallery-icon portrait'>\n\t\t\t\t<a href='https:\/\/ute-wennrich.de\/wp-content\/uploads\/2026\/03\/leuchtend-gruen-05_P5022452-b.jpg' title=\"\" data-rl_title=\"\" class=\"rl-gallery-link\" data-rl_caption=\"Leuchtend Gr\u00fcn\" data-rel=\"lightbox-gallery-1\" data-magnific_type=\"gallery\"><img loading=\"lazy\" decoding=\"async\" width=\"120\" height=\"120\" src=\"https:\/\/ute-wennrich.de\/wp-content\/uploads\/2026\/03\/leuchtend-gruen-05_P5022452-b-120x120.jpg\" class=\"attachment-thumbnail size-thumbnail\" alt=\"\" \/><\/a>\n\t\t\t<\/div><\/figure><figure class='gallery-item'>\n\t\t\t<div class='gallery-icon landscape'>\n\t\t\t\t<a href='https:\/\/ute-wennrich.de\/wp-content\/uploads\/2026\/03\/leuchtend-gruen-07_P5022454-b.jpg' title=\"\" data-rl_title=\"\" class=\"rl-gallery-link\" data-rl_caption=\"Leuchtend Gr\u00fcn\" data-rel=\"lightbox-gallery-1\" data-magnific_type=\"gallery\"><img loading=\"lazy\" decoding=\"async\" width=\"120\" height=\"120\" src=\"https:\/\/ute-wennrich.de\/wp-content\/uploads\/2026\/03\/leuchtend-gruen-07_P5022454-b-120x120.jpg\" class=\"attachment-thumbnail size-thumbnail\" alt=\"\" \/><\/a>\n\t\t\t<\/div><\/figure><figure class='gallery-item'>\n\t\t\t<div class='gallery-icon portrait'>\n\t\t\t\t<a href='https:\/\/ute-wennrich.de\/wp-content\/uploads\/2026\/03\/P4162420-b.jpg' title=\"\" data-rl_title=\"\" class=\"rl-gallery-link\" data-rl_caption=\"Objekt 20, 3-teilig - (blau\/gr\u00fcn) 2023 \u2013 2025ca. \u00d8 15 cm, h ~ 75 cm | ca. \u00d8 10 cm, h ~ 50 cm |ca. \u00d8 15 cm, h ~ 45 cm | Mischtechnik, Glasperlen, Applikation\" data-rel=\"lightbox-gallery-1\" data-magnific_type=\"gallery\"><img loading=\"lazy\" decoding=\"async\" width=\"120\" height=\"120\" src=\"https:\/\/ute-wennrich.de\/wp-content\/uploads\/2026\/03\/P4162420-b-120x120.jpg\" class=\"attachment-thumbnail size-thumbnail\" alt=\"\" \/><\/a>\n\t\t\t<\/div><\/figure><figure class='gallery-item'>\n\t\t\t<div class='gallery-icon portrait'>\n\t\t\t\t<a href='https:\/\/ute-wennrich.de\/wp-content\/uploads\/2026\/03\/P4162423-b.jpg' title=\"\" data-rl_title=\"\" class=\"rl-gallery-link\" data-rl_caption=\"Objekt 20 Detail\" data-rel=\"lightbox-gallery-1\" data-magnific_type=\"gallery\"><img loading=\"lazy\" decoding=\"async\" width=\"120\" height=\"120\" src=\"https:\/\/ute-wennrich.de\/wp-content\/uploads\/2026\/03\/P4162423-b-120x120.jpg\" class=\"attachment-thumbnail size-thumbnail\" alt=\"\" \/><\/a>\n\t\t\t<\/div><\/figure><figure class='gallery-item'>\n\t\t\t<div class='gallery-icon landscape'>\n\t\t\t\t<a href='https:\/\/ute-wennrich.de\/wp-content\/uploads\/2026\/03\/Objekt-21_vegatativ-gruen-_02_P7202648-b.jpg' title=\"\" data-rl_title=\"\" class=\"rl-gallery-link\" data-rl_caption=\"Objekt 21 vegetativ (gr\u00fcn \u2013 neon) | 2025ca. \u00d8 = 27 cm, h = 25 cmPappmach\u00e9, Acrylfarbe, Perlen, Draht\" data-rel=\"lightbox-gallery-1\" data-magnific_type=\"gallery\"><img loading=\"lazy\" decoding=\"async\" width=\"120\" height=\"120\" src=\"https:\/\/ute-wennrich.de\/wp-content\/uploads\/2026\/03\/Objekt-21_vegatativ-gruen-_02_P7202648-b-120x120.jpg\" class=\"attachment-thumbnail size-thumbnail\" alt=\"\" \/><\/a>\n\t\t\t<\/div><\/figure><figure class='gallery-item'>\n\t\t\t<div class='gallery-icon landscape'>\n\t\t\t\t<a href='https:\/\/ute-wennrich.de\/wp-content\/uploads\/2026\/03\/Objekt_21-vegatativ_Detail_P7202664-b.jpg' title=\"\" data-rl_title=\"\" class=\"rl-gallery-link\" data-rl_caption=\"Objekt 21 vegetativ (gr\u00fcn \u2013 neon) Detail\" data-rel=\"lightbox-gallery-1\" data-magnific_type=\"gallery\"><img loading=\"lazy\" decoding=\"async\" width=\"120\" height=\"120\" src=\"https:\/\/ute-wennrich.de\/wp-content\/uploads\/2026\/03\/Objekt_21-vegatativ_Detail_P7202664-b-120x120.jpg\" class=\"attachment-thumbnail size-thumbnail\" alt=\"\" \/><\/a>\n\t\t\t<\/div><\/figure><figure class='gallery-item'>\n\t\t\t<div class='gallery-icon landscape'>\n\t\t\t\t<a href='https:\/\/ute-wennrich.de\/wp-content\/uploads\/2026\/03\/P7202650-b.jpg' title=\"\" data-rl_title=\"\" class=\"rl-gallery-link\" data-rl_caption=\"Objekt 22 \u2013 Korallen (pink \u2013 neon) - 2025 ca. 50 x 45 x 20 cm | Pappmach\u00e9, Acryl, Perlen, Draht\" data-rel=\"lightbox-gallery-1\" data-magnific_type=\"gallery\"><img loading=\"lazy\" decoding=\"async\" width=\"120\" height=\"120\" src=\"https:\/\/ute-wennrich.de\/wp-content\/uploads\/2026\/03\/P7202650-b-120x120.jpg\" class=\"attachment-thumbnail size-thumbnail\" alt=\"\" \/><\/a>\n\t\t\t<\/div><\/figure><figure class='gallery-item'>\n\t\t\t<div class='gallery-icon landscape'>\n\t\t\t\t<a href='https:\/\/ute-wennrich.de\/wp-content\/uploads\/2026\/03\/P7202652-b.jpg' title=\"\" data-rl_title=\"\" class=\"rl-gallery-link\" data-rl_caption=\"Objekt 22 \u2013 Korallen (pink \u2013 neon) - Detail\" data-rel=\"lightbox-gallery-1\" data-magnific_type=\"gallery\"><img loading=\"lazy\" decoding=\"async\" width=\"120\" height=\"120\" src=\"https:\/\/ute-wennrich.de\/wp-content\/uploads\/2026\/03\/P7202652-b-120x120.jpg\" class=\"attachment-thumbnail size-thumbnail\" alt=\"\" \/><\/a>\n\t\t\t<\/div><\/figure><figure class='gallery-item'>\n\t\t\t<div class='gallery-icon landscape'>\n\t\t\t\t<a href='https:\/\/ute-wennrich.de\/wp-content\/uploads\/2026\/03\/P7202655-b.jpg' title=\"\" data-rl_title=\"\" class=\"rl-gallery-link\" data-rl_caption=\"Objekt 22 \u2013 Korallen (pink \u2013 neon) - Detail\" data-rel=\"lightbox-gallery-1\" data-magnific_type=\"gallery\"><img loading=\"lazy\" decoding=\"async\" width=\"120\" height=\"120\" src=\"https:\/\/ute-wennrich.de\/wp-content\/uploads\/2026\/03\/P7202655-b-120x120.jpg\" class=\"attachment-thumbnail size-thumbnail\" alt=\"\" \/><\/a>\n\t\t\t<\/div><\/figure><figure class='gallery-item'>\n\t\t\t<div class='gallery-icon landscape'>\n\t\t\t\t<a href='https:\/\/ute-wennrich.de\/wp-content\/uploads\/2026\/03\/P7202661-b.jpg' title=\"\" data-rl_title=\"\" class=\"rl-gallery-link\" data-rl_caption=\"Objekt 22 \u2013 Korallen (pink \u2013 neon) - Detail\" data-rel=\"lightbox-gallery-1\" data-magnific_type=\"gallery\"><img loading=\"lazy\" decoding=\"async\" width=\"120\" height=\"120\" src=\"https:\/\/ute-wennrich.de\/wp-content\/uploads\/2026\/03\/P7202661-b-120x120.jpg\" class=\"attachment-thumbnail size-thumbnail\" alt=\"\" \/><\/a>\n\t\t\t<\/div><\/figure><figure class='gallery-item'>\n\t\t\t<div class='gallery-icon landscape'>\n\t\t\t\t<a href='https:\/\/ute-wennrich.de\/wp-content\/uploads\/2026\/03\/o.T.relief_24-teil_PC262234-b.jpg' title=\"\" data-rl_title=\"\" class=\"rl-gallery-link\" data-rl_caption=\"o. T. 24-teilige Installation \u2013 2024 | Einzelgr\u00f6\u00dfen: ca. 10 x 15 x 5 cm Anordnung variabel | Mischtechnik, Draht mit Glasperlen\" data-rel=\"lightbox-gallery-1\" data-magnific_type=\"gallery\"><img loading=\"lazy\" decoding=\"async\" width=\"120\" height=\"120\" src=\"https:\/\/ute-wennrich.de\/wp-content\/uploads\/2026\/03\/o.T.relief_24-teil_PC262234-b-120x120.jpg\" class=\"attachment-thumbnail size-thumbnail\" alt=\"\" \/><\/a>\n\t\t\t<\/div><\/figure><figure class='gallery-item'>\n\t\t\t<div class='gallery-icon landscape'>\n\t\t\t\t<a href='https:\/\/ute-wennrich.de\/wp-content\/uploads\/2026\/03\/o.T.relief_24-teil_PC262241-b.jpg' title=\"\" data-rl_title=\"\" class=\"rl-gallery-link\" data-rl_caption=\"o. T. 24-teilige Installation \u2013 Detail\" data-rel=\"lightbox-gallery-1\" data-magnific_type=\"gallery\"><img loading=\"lazy\" decoding=\"async\" width=\"120\" height=\"120\" src=\"https:\/\/ute-wennrich.de\/wp-content\/uploads\/2026\/03\/o.T.relief_24-teil_PC262241-b-120x120.jpg\" class=\"attachment-thumbnail size-thumbnail\" alt=\"\" \/><\/a>\n\t\t\t<\/div><\/figure><figure class='gallery-item'>\n\t\t\t<div class='gallery-icon portrait'>\n\t\t\t\t<a href='https:\/\/ute-wennrich.de\/wp-content\/uploads\/2026\/03\/o.T.relief_24-teil_PC262242-b.jpg' title=\"\" data-rl_title=\"\" class=\"rl-gallery-link\" data-rl_caption=\"o. T. 24-teilige Installation \u2013 Detail\" data-rel=\"lightbox-gallery-1\" data-magnific_type=\"gallery\"><img loading=\"lazy\" decoding=\"async\" width=\"120\" height=\"120\" src=\"https:\/\/ute-wennrich.de\/wp-content\/uploads\/2026\/03\/o.T.relief_24-teil_PC262242-b-120x120.jpg\" class=\"attachment-thumbnail size-thumbnail\" alt=\"\" \/><\/a>\n\t\t\t<\/div><\/figure><figure class='gallery-item'>\n\t\t\t<div class='gallery-icon landscape'>\n\t\t\t\t<a href='https:\/\/ute-wennrich.de\/wp-content\/uploads\/2026\/03\/o.T.relief-24-teil_PC262238-b.jpg' title=\"\" data-rl_title=\"\" class=\"rl-gallery-link\" data-rl_caption=\"o. T. 24-teilige Installation \u2013 Detail\" data-rel=\"lightbox-gallery-1\" data-magnific_type=\"gallery\"><img loading=\"lazy\" decoding=\"async\" width=\"120\" height=\"120\" src=\"https:\/\/ute-wennrich.de\/wp-content\/uploads\/2026\/03\/o.T.relief-24-teil_PC262238-b-120x120.jpg\" class=\"attachment-thumbnail size-thumbnail\" alt=\"\" \/><\/a>\n\t\t\t<\/div><\/figure>\n\t\t<\/div>\n<\/div><\/div><\/div><div id=\"pgc-3543-0-2\"  class=\"panel-grid-cell\" ><div id=\"panel-3543-0-2-0\" class=\"so-panel widget widget_black-studio-tinymce widget_black_studio_tinymce panel-first-child panel-last-child\" data-index=\"2\" ><div class=\"textwidget\"><h3>Glass Objects 2024-2025<\/h3>\n<\/div><\/div><\/div><\/div><\/div>","protected":false},"excerpt":{"rendered":"<p>&nbsp; &nbsp; Glass Objects 2024-2025<\/p>\n","protected":false},"author":1,"featured_media":0,"parent":21,"menu_order":0,"comment_status":"closed","ping_status":"closed","template":"page-templates\/full-width.php","meta":{"footnotes":""},"class_list":["post-3543","page","type-page","status-publish","hentry"],"_links":{"self":[{"href":"https:\/\/ute-wennrich.de\/en\/wp-json\/wp\/v2\/pages\/3543","targetHints":{"allow":["GET"]}}],"collection":[{"href":"https:\/\/ute-wennrich.de\/en\/wp-json\/wp\/v2\/pages"}],"about":[{"href":"https:\/\/ute-wennrich.de\/en\/wp-json\/wp\/v2\/types\/page"}],"author":[{"embeddable":true,"href":"https:\/\/ute-wennrich.de\/en\/wp-json\/wp\/v2\/users\/1"}],"replies":[{"embeddable":true,"href":"https:\/\/ute-wennrich.de\/en\/wp-json\/wp\/v2\/comments?post=3543"}],"version-history":[{"count":1,"href":"https:\/\/ute-wennrich.de\/en\/wp-json\/wp\/v2\/pages\/3543\/revisions"}],"predecessor-version":[{"id":3560,"href":"https:\/\/ute-wennrich.de\/en\/wp-json\/wp\/v2\/pages\/3543\/revisions\/3560"}],"up":[{"embeddable":true,"href":"https:\/\/ute-wennrich.de\/en\/wp-json\/wp\/v2\/pages\/21"}],"wp:attachment":[{"href":"https:\/\/ute-wennrich.de\/en\/wp-json\/wp\/v2\/media?parent=3543"}],"curies":[{"name":"wp","href":"https:\/\/api.w.org\/{rel}","templated":true}]}}