{"id":7,"date":"2015-07-15T10:07:21","date_gmt":"2015-07-15T10:07:21","guid":{"rendered":"http:\/\/art.ute-wennrich.de\/?page_id=7"},"modified":"2026-03-10T14:31:21","modified_gmt":"2026-03-10T13:31:21","slug":"7-2","status":"publish","type":"page","link":"https:\/\/ute-wennrich.de\/en\/","title":{"rendered":"Bildende Kunst"},"content":{"rendered":"<div id=\"pl-7\"  class=\"panel-layout\" ><div id=\"pg-7-0\"  class=\"panel-grid panel-no-style\" ><div id=\"pgc-7-0-0\"  class=\"panel-grid-cell panel-grid-cell-mobile-last\" ><div id=\"panel-7-0-0-0\" class=\"so-panel widget widget_black-studio-tinymce widget_black_studio_tinymce panel-first-child panel-last-child\" data-index=\"0\" ><div class=\"textwidget\"><h2>Fine Arts | Bildende Kunst<\/h2>\n<\/div><\/div><\/div><div id=\"pgc-7-0-1\"  class=\"panel-grid-cell panel-grid-cell-empty\" ><\/div><\/div><div id=\"pg-7-1\"  class=\"panel-grid panel-no-style\" ><div id=\"pgc-7-1-0\"  class=\"panel-grid-cell\" ><div id=\"panel-7-1-0-0\" class=\"so-panel widget widget_black-studio-tinymce widget_black_studio_tinymce panel-first-child panel-last-child\" data-index=\"1\" ><div class=\"textwidget\"><p><figure id=\"attachment_3351\" aria-describedby=\"caption-attachment-3351\" style=\"width: 1000px\" class=\"wp-caption alignnone\"><img loading=\"lazy\" decoding=\"async\" class=\"wp-image-3351 size-full\" src=\"https:\/\/ute-wennrich.de\/wp-content\/uploads\/2025\/01\/Salzmarschen_06_Detail.jpg\" alt=\"\" width=\"1000\" height=\"750\" srcset=\"https:\/\/ute-wennrich.de\/wp-content\/uploads\/2025\/01\/Salzmarschen_06_Detail.jpg 1000w, https:\/\/ute-wennrich.de\/wp-content\/uploads\/2025\/01\/Salzmarschen_06_Detail-300x225.jpg 300w, https:\/\/ute-wennrich.de\/wp-content\/uploads\/2025\/01\/Salzmarschen_06_Detail-768x576.jpg 768w, https:\/\/ute-wennrich.de\/wp-content\/uploads\/2025\/01\/Salzmarschen_06_Detail-733x550.jpg 733w\" sizes=\"auto, (max-width: 1000px) 100vw, 1000px\" \/><figcaption id=\"caption-attachment-3351\" class=\"wp-caption-text\">Salzmarschen - Detail (Perlenstickerei auf Leinwand) Relief ca. 40 x 50 x 2,5 cm<\/figcaption><\/figure><\/p>\n<\/div><\/div><\/div><div id=\"pgc-7-1-1\"  class=\"panel-grid-cell\" ><div id=\"panel-7-1-1-0\" class=\"so-panel widget widget_sow-editor panel-first-child panel-last-child\" data-index=\"2\" ><div\n\t\t\t\n\t\t\tclass=\"so-widget-sow-editor so-widget-sow-editor-base\"\n\t\t\t\n\t\t><h3 class=\"widget-title\">AKTUELLES<\/h3>\n<div class=\"siteorigin-widget-tinymce textwidget\">\n\t<p>AUSSTELLUNG<br \/>\n<strong>as time goes by<\/strong><br \/>\nAlte Freundschaft \u2013 Neue Kunst<br \/>\nInge Kaspar-B\u00f6hm \u2013 Ute Wennrich<br \/>\nKunst 40<br \/>\nBreite Stra\u00dfe 40<br \/>\n14199 Berlin-Schmargendorf<br \/>\nVernissage 15. M\u00e4rz 2026  15-18 Uhr<br \/>\n\u00d6ffnunszeiten Do-Sa 14-18 Uhr<br \/>\nFinissage 3. April 15-17 Uhr<\/p>\n<p>NEU<br \/>\n<a href=\"https:\/\/ute-wennrich.de\/objekte\/glasobjekte-xxi\/\">Glasobjekte XXI - XXV<\/a><\/p>\n<\/div>\n<\/div><\/div><\/div><\/div><\/div>","protected":false},"excerpt":{"rendered":"<p>Fine Arts | Bildende Kunst AUSSTELLUNG as time goes by Alte Freundschaft \u2013 Neue Kunst Inge Kaspar-B\u00f6hm \u2013 Ute Wennrich Kunst 40 Breite Stra\u00dfe 40 14199 Berlin-Schmargendorf Vernissage 15. M\u00e4rz 2026 15-18 Uhr \u00d6ffnunszeiten Do-Sa 14-18 Uhr Finissage 3. April 15-17 Uhr NEU Glasobjekte XXI &#8211; XXV<\/p>\n","protected":false},"author":1,"featured_media":0,"parent":0,"menu_order":0,"comment_status":"closed","ping_status":"closed","template":"page-templates\/full-width.php","meta":{"footnotes":""},"class_list":["post-7","page","type-page","status-publish","hentry"],"_links":{"self":[{"href":"https:\/\/ute-wennrich.de\/en\/wp-json\/wp\/v2\/pages\/7","targetHints":{"allow":["GET"]}}],"collection":[{"href":"https:\/\/ute-wennrich.de\/en\/wp-json\/wp\/v2\/pages"}],"about":[{"href":"https:\/\/ute-wennrich.de\/en\/wp-json\/wp\/v2\/types\/page"}],"author":[{"embeddable":true,"href":"https:\/\/ute-wennrich.de\/en\/wp-json\/wp\/v2\/users\/1"}],"replies":[{"embeddable":true,"href":"https:\/\/ute-wennrich.de\/en\/wp-json\/wp\/v2\/comments?post=7"}],"version-history":[{"count":123,"href":"https:\/\/ute-wennrich.de\/en\/wp-json\/wp\/v2\/pages\/7\/revisions"}],"predecessor-version":[{"id":3627,"href":"https:\/\/ute-wennrich.de\/en\/wp-json\/wp\/v2\/pages\/7\/revisions\/3627"}],"wp:attachment":[{"href":"https:\/\/ute-wennrich.de\/en\/wp-json\/wp\/v2\/media?parent=7"}],"curies":[{"name":"wp","href":"https:\/\/api.w.org\/{rel}","templated":true}]}}